{"id":525,"date":"2022-10-05T20:46:45","date_gmt":"2022-10-05T20:46:45","guid":{"rendered":"https:\/\/muferga.es\/?page_id=525"},"modified":"2022-10-15T16:36:06","modified_gmt":"2022-10-15T16:36:06","slug":"locomotora-308-yeye","status":"publish","type":"page","link":"https:\/\/muferga.es\/?page_id=525","title":{"rendered":"Locomotora 308 \u00abYeye\u00bb"},"content":{"rendered":"\t\t<div data-elementor-type=\"wp-page\" data-elementor-id=\"525\" class=\"elementor elementor-525\" data-elementor-settings=\"[]\">\n\t\t\t\t\t\t\t<div class=\"elementor-section-wrap\">\n\t\t\t\t\t\t\t<section class=\"elementor-section elementor-top-section elementor-element elementor-element-cbccde5 elementor-section-boxed elementor-section-height-default elementor-section-height-default\" data-id=\"cbccde5\" data-element_type=\"section\">\n\t\t\t\t\t\t<div class=\"elementor-container elementor-column-gap-default\">\n\t\t\t\t\t<div class=\"elementor-column elementor-col-100 elementor-top-column elementor-element elementor-element-0667113\" data-id=\"0667113\" data-element_type=\"column\">\n\t\t\t<div class=\"elementor-widget-wrap elementor-element-populated\">\n\t\t\t\t\t\t\t\t<div class=\"elementor-element elementor-element-257ee5d elementor-widget elementor-widget-heading\" data-id=\"257ee5d\" data-element_type=\"widget\" data-widget_type=\"heading.default\">\n\t\t\t\t<div class=\"elementor-widget-container\">\n\t\t\t<h2 class=\"elementor-heading-title elementor-size-default\">Locomotora 10806 de Renfe   o tambi\u00e9n llamadas 308 YeYe<\/h2>\t\t<\/div>\n\t\t\t\t<\/div>\n\t\t\t\t\t<\/div>\n\t\t<\/div>\n\t\t\t\t\t\t\t<\/div>\n\t\t<\/section>\n\t\t\t\t<section class=\"elementor-section elementor-top-section elementor-element elementor-element-56259f7 elementor-section-boxed elementor-section-height-default elementor-section-height-default\" data-id=\"56259f7\" data-element_type=\"section\">\n\t\t\t\t\t\t<div class=\"elementor-container elementor-column-gap-default\">\n\t\t\t\t\t<div class=\"elementor-column elementor-col-33 elementor-top-column elementor-element elementor-element-5784091\" data-id=\"5784091\" data-element_type=\"column\">\n\t\t\t<div class=\"elementor-widget-wrap elementor-element-populated\">\n\t\t\t\t\t\t\t\t<div class=\"elementor-element elementor-element-308c1fc elementor-widget elementor-widget-image\" data-id=\"308c1fc\" data-element_type=\"widget\" data-widget_type=\"image.default\">\n\t\t\t\t<div class=\"elementor-widget-container\">\n\t\t\t\t\t<div class=\"elementor-image\">\n\t\t\t\t\t\t\t\t\t\t<img loading=\"lazy\" decoding=\"async\" width=\"1024\" height=\"768\" src=\"https:\/\/muferga.es\/wp-content\/uploads\/2022\/10\/20221013_105151-1024x768.jpg\" class=\"attachment-large size-large\" alt=\"\" srcset=\"https:\/\/muferga.es\/wp-content\/uploads\/2022\/10\/20221013_105151-1024x768.jpg 1024w, https:\/\/muferga.es\/wp-content\/uploads\/2022\/10\/20221013_105151-300x225.jpg 300w, https:\/\/muferga.es\/wp-content\/uploads\/2022\/10\/20221013_105151-768x576.jpg 768w, https:\/\/muferga.es\/wp-content\/uploads\/2022\/10\/20221013_105151-1536x1152.jpg 1536w, https:\/\/muferga.es\/wp-content\/uploads\/2022\/10\/20221013_105151-2048x1536.jpg 2048w\" sizes=\"auto, (max-width: 1024px) 100vw, 1024px\" \/>\t\t\t\t\t\t\t\t\t\t\t<\/div>\n\t\t\t\t<\/div>\n\t\t\t\t<\/div>\n\t\t\t\t\t<\/div>\n\t\t<\/div>\n\t\t\t\t<div class=\"elementor-column elementor-col-33 elementor-top-column elementor-element elementor-element-d09d7fa\" data-id=\"d09d7fa\" data-element_type=\"column\">\n\t\t\t<div class=\"elementor-widget-wrap elementor-element-populated\">\n\t\t\t\t\t\t\t\t<div class=\"elementor-element elementor-element-d76fbb1 elementor-widget elementor-widget-image\" data-id=\"d76fbb1\" data-element_type=\"widget\" data-widget_type=\"image.default\">\n\t\t\t\t<div class=\"elementor-widget-container\">\n\t\t\t\t\t<div class=\"elementor-image\">\n\t\t\t\t\t\t\t\t\t\t<img loading=\"lazy\" decoding=\"async\" width=\"1024\" height=\"768\" src=\"https:\/\/muferga.es\/wp-content\/uploads\/2022\/10\/20221013_105036-1-1024x768.jpg\" class=\"attachment-large size-large\" alt=\"\" srcset=\"https:\/\/muferga.es\/wp-content\/uploads\/2022\/10\/20221013_105036-1-1024x768.jpg 1024w, https:\/\/muferga.es\/wp-content\/uploads\/2022\/10\/20221013_105036-1-300x225.jpg 300w, https:\/\/muferga.es\/wp-content\/uploads\/2022\/10\/20221013_105036-1-768x576.jpg 768w, https:\/\/muferga.es\/wp-content\/uploads\/2022\/10\/20221013_105036-1-1536x1152.jpg 1536w, https:\/\/muferga.es\/wp-content\/uploads\/2022\/10\/20221013_105036-1-2048x1536.jpg 2048w\" sizes=\"auto, (max-width: 1024px) 100vw, 1024px\" \/>\t\t\t\t\t\t\t\t\t\t\t<\/div>\n\t\t\t\t<\/div>\n\t\t\t\t<\/div>\n\t\t\t\t\t<\/div>\n\t\t<\/div>\n\t\t\t\t<div class=\"elementor-column elementor-col-33 elementor-top-column elementor-element elementor-element-04a3c50\" data-id=\"04a3c50\" data-element_type=\"column\">\n\t\t\t<div class=\"elementor-widget-wrap elementor-element-populated\">\n\t\t\t\t\t\t\t\t<div class=\"elementor-element elementor-element-940903d elementor-widget elementor-widget-image\" data-id=\"940903d\" data-element_type=\"widget\" data-widget_type=\"image.default\">\n\t\t\t\t<div class=\"elementor-widget-container\">\n\t\t\t\t\t<div class=\"elementor-image\">\n\t\t\t\t\t\t\t\t\t\t<img loading=\"lazy\" decoding=\"async\" width=\"1024\" height=\"768\" src=\"https:\/\/muferga.es\/wp-content\/uploads\/2022\/10\/20221013_105800-1-1024x768.jpg\" class=\"attachment-large size-large\" alt=\"\" srcset=\"https:\/\/muferga.es\/wp-content\/uploads\/2022\/10\/20221013_105800-1-1024x768.jpg 1024w, https:\/\/muferga.es\/wp-content\/uploads\/2022\/10\/20221013_105800-1-300x225.jpg 300w, https:\/\/muferga.es\/wp-content\/uploads\/2022\/10\/20221013_105800-1-768x576.jpg 768w, https:\/\/muferga.es\/wp-content\/uploads\/2022\/10\/20221013_105800-1-1536x1152.jpg 1536w, https:\/\/muferga.es\/wp-content\/uploads\/2022\/10\/20221013_105800-1-2048x1536.jpg 2048w\" sizes=\"auto, (max-width: 1024px) 100vw, 1024px\" \/>\t\t\t\t\t\t\t\t\t\t\t<\/div>\n\t\t\t\t<\/div>\n\t\t\t\t<\/div>\n\t\t\t\t\t<\/div>\n\t\t<\/div>\n\t\t\t\t\t\t\t<\/div>\n\t\t<\/section>\n\t\t\t\t<section class=\"elementor-section elementor-top-section elementor-element elementor-element-e9ff62d elementor-section-boxed elementor-section-height-default elementor-section-height-default\" data-id=\"e9ff62d\" data-element_type=\"section\">\n\t\t\t\t\t\t<div class=\"elementor-container elementor-column-gap-default\">\n\t\t\t\t\t<div class=\"elementor-column elementor-col-100 elementor-top-column elementor-element elementor-element-ee7eeb1\" data-id=\"ee7eeb1\" data-element_type=\"column\">\n\t\t\t<div class=\"elementor-widget-wrap elementor-element-populated\">\n\t\t\t\t\t\t\t\t<div class=\"elementor-element elementor-element-6da9f91 elementor-widget elementor-widget-text-editor\" data-id=\"6da9f91\" data-element_type=\"widget\" data-widget_type=\"text-editor.default\">\n\t\t\t\t<div class=\"elementor-widget-container\">\n\t\t\t\t\t<div class=\"elementor-text-editor elementor-clearfix\"><h3><strong>Reparaci\u00f3n completa : Est\u00e9tica y funcional en los talleres del Museo.\u00a0<\/strong><\/h3><\/div>\n\t\t\t\t<\/div>\n\t\t\t\t<\/div>\n\t\t\t\t\t<\/div>\n\t\t<\/div>\n\t\t\t\t\t\t\t<\/div>\n\t\t<\/section>\n\t\t\t\t<section class=\"elementor-section elementor-top-section elementor-element elementor-element-6fe6053 elementor-section-boxed elementor-section-height-default elementor-section-height-default\" data-id=\"6fe6053\" data-element_type=\"section\">\n\t\t\t\t\t\t<div class=\"elementor-container elementor-column-gap-default\">\n\t\t\t\t\t<div class=\"elementor-column elementor-col-100 elementor-top-column elementor-element elementor-element-8ca26e3\" data-id=\"8ca26e3\" data-element_type=\"column\">\n\t\t\t<div class=\"elementor-widget-wrap elementor-element-populated\">\n\t\t\t\t\t\t\t\t<div class=\"elementor-element elementor-element-092533d elementor-widget elementor-widget-image\" data-id=\"092533d\" data-element_type=\"widget\" data-widget_type=\"image.default\">\n\t\t\t\t<div class=\"elementor-widget-container\">\n\t\t\t\t\t<div class=\"elementor-image\">\n\t\t\t\t\t\t\t\t\t\t<img loading=\"lazy\" decoding=\"async\" width=\"1024\" height=\"576\" src=\"https:\/\/muferga.es\/wp-content\/uploads\/2022\/10\/20220421_175446-1024x576.jpg\" class=\"attachment-large size-large\" alt=\"\" srcset=\"https:\/\/muferga.es\/wp-content\/uploads\/2022\/10\/20220421_175446-1024x576.jpg 1024w, https:\/\/muferga.es\/wp-content\/uploads\/2022\/10\/20220421_175446-300x169.jpg 300w, https:\/\/muferga.es\/wp-content\/uploads\/2022\/10\/20220421_175446-768x432.jpg 768w, https:\/\/muferga.es\/wp-content\/uploads\/2022\/10\/20220421_175446-1536x864.jpg 1536w, https:\/\/muferga.es\/wp-content\/uploads\/2022\/10\/20220421_175446-2048x1152.jpg 2048w\" sizes=\"auto, (max-width: 1024px) 100vw, 1024px\" \/>\t\t\t\t\t\t\t\t\t\t\t<\/div>\n\t\t\t\t<\/div>\n\t\t\t\t<\/div>\n\t\t\t\t\t<\/div>\n\t\t<\/div>\n\t\t\t\t\t\t\t<\/div>\n\t\t<\/section>\n\t\t\t\t<section class=\"elementor-section elementor-top-section elementor-element elementor-element-c5dea92 elementor-section-boxed elementor-section-height-default elementor-section-height-default\" data-id=\"c5dea92\" data-element_type=\"section\">\n\t\t\t\t\t\t<div class=\"elementor-container elementor-column-gap-default\">\n\t\t\t\t\t<div class=\"elementor-column elementor-col-100 elementor-top-column elementor-element elementor-element-b017ec9\" data-id=\"b017ec9\" data-element_type=\"column\">\n\t\t\t<div class=\"elementor-widget-wrap elementor-element-populated\">\n\t\t\t\t\t\t\t\t<div class=\"elementor-element elementor-element-53c5ee4 elementor-widget elementor-widget-text-editor\" data-id=\"53c5ee4\" data-element_type=\"widget\" data-widget_type=\"text-editor.default\">\n\t\t\t\t<div class=\"elementor-widget-container\">\n\t\t\t\t\t<div class=\"elementor-text-editor elementor-clearfix\"><p><strong>La serie\u00a0<em>308<\/em>\u00a0de RENFE, antigua serie 10.800 fu\u00e9 un conjunto de\u00a0<em>locomotoras<\/em>\u00a0di\u00e9sel-el\u00e9ctricas de 520 kW de potencia y velocidad m\u00e1xima de 120 km\/h<\/strong><\/p><p><strong>La 10806 fue reparada y reacondicionada en el Muferga.<\/strong><\/p><\/div>\n\t\t\t\t<\/div>\n\t\t\t\t<\/div>\n\t\t\t\t\t<\/div>\n\t\t<\/div>\n\t\t\t\t\t\t\t<\/div>\n\t\t<\/section>\n\t\t\t\t<section class=\"elementor-section elementor-top-section elementor-element elementor-element-6edec29 elementor-section-boxed elementor-section-height-default elementor-section-height-default\" data-id=\"6edec29\" data-element_type=\"section\">\n\t\t\t\t\t\t<div class=\"elementor-container elementor-column-gap-default\">\n\t\t\t\t\t<div class=\"elementor-column elementor-col-100 elementor-top-column elementor-element elementor-element-ddbc912\" data-id=\"ddbc912\" data-element_type=\"column\">\n\t\t\t<div class=\"elementor-widget-wrap elementor-element-populated\">\n\t\t\t\t\t\t\t\t<div class=\"elementor-element elementor-element-ad9aa03 elementor-widget elementor-widget-image\" data-id=\"ad9aa03\" data-element_type=\"widget\" data-widget_type=\"image.default\">\n\t\t\t\t<div class=\"elementor-widget-container\">\n\t\t\t\t\t<div class=\"elementor-image\">\n\t\t\t\t\t\t\t\t\t\t<img loading=\"lazy\" decoding=\"async\" width=\"1024\" height=\"576\" src=\"https:\/\/muferga.es\/wp-content\/uploads\/2022\/10\/20220421_175440-1024x576.jpg\" class=\"attachment-large size-large\" alt=\"\" srcset=\"https:\/\/muferga.es\/wp-content\/uploads\/2022\/10\/20220421_175440-1024x576.jpg 1024w, https:\/\/muferga.es\/wp-content\/uploads\/2022\/10\/20220421_175440-300x169.jpg 300w, https:\/\/muferga.es\/wp-content\/uploads\/2022\/10\/20220421_175440-768x432.jpg 768w, https:\/\/muferga.es\/wp-content\/uploads\/2022\/10\/20220421_175440-1536x864.jpg 1536w, https:\/\/muferga.es\/wp-content\/uploads\/2022\/10\/20220421_175440-2048x1152.jpg 2048w\" sizes=\"auto, (max-width: 1024px) 100vw, 1024px\" \/>\t\t\t\t\t\t\t\t\t\t\t<\/div>\n\t\t\t\t<\/div>\n\t\t\t\t<\/div>\n\t\t\t\t\t<\/div>\n\t\t<\/div>\n\t\t\t\t\t\t\t<\/div>\n\t\t<\/section>\n\t\t\t\t<section class=\"elementor-section elementor-top-section elementor-element elementor-element-5023b36 elementor-section-boxed elementor-section-height-default elementor-section-height-default\" data-id=\"5023b36\" data-element_type=\"section\">\n\t\t\t\t\t\t<div class=\"elementor-container elementor-column-gap-default\">\n\t\t\t\t\t<div class=\"elementor-column elementor-col-100 elementor-top-column elementor-element elementor-element-fac2952\" data-id=\"fac2952\" data-element_type=\"column\">\n\t\t\t<div class=\"elementor-widget-wrap elementor-element-populated\">\n\t\t\t\t\t\t\t\t<div class=\"elementor-element elementor-element-731249b elementor-widget elementor-widget-image\" data-id=\"731249b\" data-element_type=\"widget\" data-widget_type=\"image.default\">\n\t\t\t\t<div class=\"elementor-widget-container\">\n\t\t\t\t\t<div class=\"elementor-image\">\n\t\t\t\t\t\t\t\t\t\t<img loading=\"lazy\" decoding=\"async\" width=\"1024\" height=\"576\" src=\"https:\/\/muferga.es\/wp-content\/uploads\/2022\/10\/20220421_175432-1024x576.jpg\" class=\"attachment-large size-large\" alt=\"\" srcset=\"https:\/\/muferga.es\/wp-content\/uploads\/2022\/10\/20220421_175432-1024x576.jpg 1024w, https:\/\/muferga.es\/wp-content\/uploads\/2022\/10\/20220421_175432-300x169.jpg 300w, https:\/\/muferga.es\/wp-content\/uploads\/2022\/10\/20220421_175432-768x432.jpg 768w, https:\/\/muferga.es\/wp-content\/uploads\/2022\/10\/20220421_175432-1536x864.jpg 1536w, https:\/\/muferga.es\/wp-content\/uploads\/2022\/10\/20220421_175432-2048x1152.jpg 2048w\" sizes=\"auto, (max-width: 1024px) 100vw, 1024px\" \/>\t\t\t\t\t\t\t\t\t\t\t<\/div>\n\t\t\t\t<\/div>\n\t\t\t\t<\/div>\n\t\t\t\t\t<\/div>\n\t\t<\/div>\n\t\t\t\t\t\t\t<\/div>\n\t\t<\/section>\n\t\t\t\t<section class=\"elementor-section elementor-top-section elementor-element elementor-element-bb67150 elementor-section-boxed elementor-section-height-default elementor-section-height-default\" data-id=\"bb67150\" data-element_type=\"section\">\n\t\t\t\t\t\t<div class=\"elementor-container elementor-column-gap-default\">\n\t\t\t\t\t<div class=\"elementor-column elementor-col-100 elementor-top-column elementor-element elementor-element-98d6989\" data-id=\"98d6989\" data-element_type=\"column\">\n\t\t\t<div class=\"elementor-widget-wrap elementor-element-populated\">\n\t\t\t\t\t\t\t\t<div class=\"elementor-element elementor-element-f070a7a elementor-widget elementor-widget-image\" data-id=\"f070a7a\" data-element_type=\"widget\" data-widget_type=\"image.default\">\n\t\t\t\t<div class=\"elementor-widget-container\">\n\t\t\t\t\t<div class=\"elementor-image\">\n\t\t\t\t\t\t\t\t\t\t<img loading=\"lazy\" decoding=\"async\" width=\"1024\" height=\"768\" src=\"https:\/\/muferga.es\/wp-content\/uploads\/2022\/10\/20221013_104906-1024x768.jpg\" class=\"attachment-large size-large\" alt=\"\" srcset=\"https:\/\/muferga.es\/wp-content\/uploads\/2022\/10\/20221013_104906-1024x768.jpg 1024w, https:\/\/muferga.es\/wp-content\/uploads\/2022\/10\/20221013_104906-300x225.jpg 300w, https:\/\/muferga.es\/wp-content\/uploads\/2022\/10\/20221013_104906-768x576.jpg 768w, https:\/\/muferga.es\/wp-content\/uploads\/2022\/10\/20221013_104906-1536x1152.jpg 1536w, https:\/\/muferga.es\/wp-content\/uploads\/2022\/10\/20221013_104906-2048x1536.jpg 2048w\" sizes=\"auto, (max-width: 1024px) 100vw, 1024px\" \/>\t\t\t\t\t\t\t\t\t\t\t<\/div>\n\t\t\t\t<\/div>\n\t\t\t\t<\/div>\n\t\t\t\t\t<\/div>\n\t\t<\/div>\n\t\t\t\t\t\t\t<\/div>\n\t\t<\/section>\n\t\t\t\t\t\t<\/div>\n\t\t\t\t\t<\/div>\n\t\t","protected":false},"excerpt":{"rendered":"<p>Locomotora 10806 de Renfe o tambi\u00e9n llamadas 308 YeYe Reparaci\u00f3n completa : Est\u00e9tica y funcional en los talleres del Museo.\u00a0 La serie\u00a0308\u00a0de RENFE, antigua serie 10.800 fu\u00e9 un conjunto de\u00a0locomotoras\u00a0di\u00e9sel-el\u00e9ctricas de 520 kW de potencia y velocidad m\u00e1xima de 120 km\/h La 10806 fue reparada y reacondicionada en el Muferga.<\/p>\n","protected":false},"author":3,"featured_media":0,"parent":0,"menu_order":0,"comment_status":"closed","ping_status":"closed","template":"","meta":{"footnotes":""},"class_list":["post-525","page","type-page","status-publish","hentry"],"yoast_head":"<!-- This site is optimized with the Yoast SEO plugin v16.0.2 - https:\/\/yoast.com\/wordpress\/plugins\/seo\/ -->\n<title>Locomotora 308 &quot;Yeye&quot; - Muferga<\/title>\n<link rel=\"canonical\" href=\"https:\/\/muferga.es\/?page_id=525\" \/>\n<meta property=\"og:locale\" content=\"es_ES\" \/>\n<meta property=\"og:type\" content=\"article\" \/>\n<meta property=\"og:title\" content=\"Locomotora 308 &quot;Yeye&quot; - Muferga\" \/>\n<meta property=\"og:description\" content=\"Locomotora 10806 de Renfe o tambi\u00e9n llamadas 308 YeYe Reparaci\u00f3n completa : Est\u00e9tica y funcional en los talleres del Museo.\u00a0 La serie\u00a0308\u00a0de RENFE, antigua serie 10.800 fu\u00e9 un conjunto de\u00a0locomotoras\u00a0di\u00e9sel-el\u00e9ctricas de 520 kW de potencia y velocidad m\u00e1xima de 120 km\/h La 10806 fue reparada y reacondicionada en el Muferga.\" \/>\n<meta property=\"og:url\" content=\"https:\/\/muferga.es\/?page_id=525\" \/>\n<meta property=\"og:site_name\" content=\"Muferga\" \/>\n<meta property=\"article:modified_time\" content=\"2022-10-15T16:36:06+00:00\" \/>\n<meta property=\"og:image\" content=\"https:\/\/muferga.es\/wp-content\/uploads\/2022\/10\/20221013_105151-1024x768.jpg\" \/>\n<meta name=\"twitter:card\" content=\"summary_large_image\" \/>\n<script type=\"application\/ld+json\" class=\"yoast-schema-graph\">{\"@context\":\"https:\/\/schema.org\",\"@graph\":[{\"@type\":\"WebSite\",\"@id\":\"https:\/\/muferga.es\/#website\",\"url\":\"https:\/\/muferga.es\/\",\"name\":\"Muferga\",\"description\":\"\",\"potentialAction\":[{\"@type\":\"SearchAction\",\"target\":\"https:\/\/muferga.es\/?s={search_term_string}\",\"query-input\":\"required name=search_term_string\"}],\"inLanguage\":\"es\"},{\"@type\":\"ImageObject\",\"@id\":\"https:\/\/muferga.es\/?page_id=525#primaryimage\",\"inLanguage\":\"es\",\"url\":\"https:\/\/muferga.es\/wp-content\/uploads\/2022\/10\/20221013_105151-scaled.jpg\",\"width\":2560,\"height\":1920},{\"@type\":\"WebPage\",\"@id\":\"https:\/\/muferga.es\/?page_id=525#webpage\",\"url\":\"https:\/\/muferga.es\/?page_id=525\",\"name\":\"Locomotora 308 \\\"Yeye\\\" - Muferga\",\"isPartOf\":{\"@id\":\"https:\/\/muferga.es\/#website\"},\"primaryImageOfPage\":{\"@id\":\"https:\/\/muferga.es\/?page_id=525#primaryimage\"},\"datePublished\":\"2022-10-05T20:46:45+00:00\",\"dateModified\":\"2022-10-15T16:36:06+00:00\",\"breadcrumb\":{\"@id\":\"https:\/\/muferga.es\/?page_id=525#breadcrumb\"},\"inLanguage\":\"es\",\"potentialAction\":[{\"@type\":\"ReadAction\",\"target\":[\"https:\/\/muferga.es\/?page_id=525\"]}]},{\"@type\":\"BreadcrumbList\",\"@id\":\"https:\/\/muferga.es\/?page_id=525#breadcrumb\",\"itemListElement\":[{\"@type\":\"ListItem\",\"position\":1,\"item\":{\"@type\":\"WebPage\",\"@id\":\"https:\/\/muferga.es\/\",\"url\":\"https:\/\/muferga.es\/\",\"name\":\"Portada\"}},{\"@type\":\"ListItem\",\"position\":2,\"item\":{\"@type\":\"WebPage\",\"@id\":\"https:\/\/muferga.es\/?page_id=525\",\"url\":\"https:\/\/muferga.es\/?page_id=525\",\"name\":\"Locomotora 308 \\u00abYeye\\u00bb\"}}]}]}<\/script>\n<!-- \/ Yoast SEO plugin. -->","_links":{"self":[{"href":"https:\/\/muferga.es\/index.php?rest_route=\/wp\/v2\/pages\/525","targetHints":{"allow":["GET"]}}],"collection":[{"href":"https:\/\/muferga.es\/index.php?rest_route=\/wp\/v2\/pages"}],"about":[{"href":"https:\/\/muferga.es\/index.php?rest_route=\/wp\/v2\/types\/page"}],"author":[{"embeddable":true,"href":"https:\/\/muferga.es\/index.php?rest_route=\/wp\/v2\/users\/3"}],"replies":[{"embeddable":true,"href":"https:\/\/muferga.es\/index.php?rest_route=%2Fwp%2Fv2%2Fcomments&post=525"}],"version-history":[{"count":10,"href":"https:\/\/muferga.es\/index.php?rest_route=\/wp\/v2\/pages\/525\/revisions"}],"predecessor-version":[{"id":773,"href":"https:\/\/muferga.es\/index.php?rest_route=\/wp\/v2\/pages\/525\/revisions\/773"}],"wp:attachment":[{"href":"https:\/\/muferga.es\/index.php?rest_route=%2Fwp%2Fv2%2Fmedia&parent=525"}],"curies":[{"name":"wp","href":"https:\/\/api.w.org\/{rel}","templated":true}]}}