{"id":504,"date":"2022-10-05T20:22:04","date_gmt":"2022-10-05T20:22:04","guid":{"rendered":"https:\/\/muferga.es\/?page_id=504"},"modified":"2022-10-05T20:40:15","modified_gmt":"2022-10-05T20:40:15","slug":"locomotora-269-601-mitsubishi","status":"publish","type":"page","link":"https:\/\/muferga.es\/?page_id=504","title":{"rendered":"Locomotora 269 &#8211; 601 Mitsubishi"},"content":{"rendered":"\t\t<div data-elementor-type=\"wp-page\" data-elementor-id=\"504\" class=\"elementor elementor-504\" data-elementor-settings=\"[]\">\n\t\t\t\t\t\t\t<div class=\"elementor-section-wrap\">\n\t\t\t\t\t\t\t<section class=\"elementor-section elementor-top-section elementor-element elementor-element-097a074 elementor-section-boxed elementor-section-height-default elementor-section-height-default\" data-id=\"097a074\" data-element_type=\"section\">\n\t\t\t\t\t\t<div class=\"elementor-container elementor-column-gap-default\">\n\t\t\t\t\t<div class=\"elementor-column elementor-col-100 elementor-top-column elementor-element elementor-element-ee4a8b1\" data-id=\"ee4a8b1\" data-element_type=\"column\">\n\t\t\t<div class=\"elementor-widget-wrap elementor-element-populated\">\n\t\t\t\t\t\t\t\t<div class=\"elementor-element elementor-element-c3909e4 elementor-widget elementor-widget-heading\" data-id=\"c3909e4\" data-element_type=\"widget\" data-widget_type=\"heading.default\">\n\t\t\t\t<div class=\"elementor-widget-container\">\n\t\t\t<h2 class=\"elementor-heading-title elementor-size-default\">Locomotora 269-601 - Mitsubishi <\/h2>\t\t<\/div>\n\t\t\t\t<\/div>\n\t\t\t\t\t<\/div>\n\t\t<\/div>\n\t\t\t\t\t\t\t<\/div>\n\t\t<\/section>\n\t\t\t\t<section class=\"elementor-section elementor-top-section elementor-element elementor-element-b356609 elementor-section-boxed elementor-section-height-default elementor-section-height-default\" data-id=\"b356609\" data-element_type=\"section\">\n\t\t\t\t\t\t<div class=\"elementor-container elementor-column-gap-default\">\n\t\t\t\t\t<div class=\"elementor-column elementor-col-100 elementor-top-column elementor-element elementor-element-c1d6d67\" data-id=\"c1d6d67\" data-element_type=\"column\">\n\t\t\t<div class=\"elementor-widget-wrap elementor-element-populated\">\n\t\t\t\t\t\t\t\t<div class=\"elementor-element elementor-element-122068c elementor-widget elementor-widget-image\" data-id=\"122068c\" data-element_type=\"widget\" data-widget_type=\"image.default\">\n\t\t\t\t<div class=\"elementor-widget-container\">\n\t\t\t\t\t<div class=\"elementor-image\">\n\t\t\t\t\t\t\t\t\t\t<img loading=\"lazy\" decoding=\"async\" width=\"1024\" height=\"576\" src=\"https:\/\/muferga.es\/wp-content\/uploads\/2022\/10\/20220421_175453-1024x576.jpg\" class=\"attachment-large size-large\" alt=\"\" srcset=\"https:\/\/muferga.es\/wp-content\/uploads\/2022\/10\/20220421_175453-1024x576.jpg 1024w, https:\/\/muferga.es\/wp-content\/uploads\/2022\/10\/20220421_175453-300x169.jpg 300w, https:\/\/muferga.es\/wp-content\/uploads\/2022\/10\/20220421_175453-768x432.jpg 768w, https:\/\/muferga.es\/wp-content\/uploads\/2022\/10\/20220421_175453-1536x864.jpg 1536w, https:\/\/muferga.es\/wp-content\/uploads\/2022\/10\/20220421_175453-2048x1152.jpg 2048w\" sizes=\"auto, (max-width: 1024px) 100vw, 1024px\" \/>\t\t\t\t\t\t\t\t\t\t\t<\/div>\n\t\t\t\t<\/div>\n\t\t\t\t<\/div>\n\t\t\t\t\t<\/div>\n\t\t<\/div>\n\t\t\t\t\t\t\t<\/div>\n\t\t<\/section>\n\t\t\t\t<section class=\"elementor-section elementor-top-section elementor-element elementor-element-2f05642 elementor-section-boxed elementor-section-height-default elementor-section-height-default\" data-id=\"2f05642\" data-element_type=\"section\">\n\t\t\t\t\t\t<div class=\"elementor-container elementor-column-gap-default\">\n\t\t\t\t\t<div class=\"elementor-column elementor-col-100 elementor-top-column elementor-element elementor-element-061ed38\" data-id=\"061ed38\" data-element_type=\"column\">\n\t\t\t<div class=\"elementor-widget-wrap elementor-element-populated\">\n\t\t\t\t\t\t\t\t<div class=\"elementor-element elementor-element-9dbb736 elementor-widget elementor-widget-text-editor\" data-id=\"9dbb736\" data-element_type=\"widget\" data-widget_type=\"text-editor.default\">\n\t\t\t\t<div class=\"elementor-widget-container\">\n\t\t\t\t\t<div class=\"elementor-text-editor elementor-clearfix\"><p>Las locomotoras de la\u00a0<b>serie 269,<\/b>\u00a0apodadas como \u00ablas japonesas\u00bb debido a su casa licenciataria (<a title=\"Mitsubishi\" href=\"https:\/\/es.wikipedia.org\/wiki\/Mitsubishi\">Mitsubishi<\/a>), han formado sin duda la serie m\u00e1s importante y extensa de\u00a0<a title=\"Locomotora el\u00e9ctrica\" href=\"https:\/\/es.wikipedia.org\/wiki\/Locomotora_el%C3%A9ctrica\">locomotoras el\u00e9ctricas<\/a>\u00a0de\u00a0<a title=\"Red Nacional de los Ferrocarriles Espa\u00f1oles\" href=\"https:\/\/es.wikipedia.org\/wiki\/Red_Nacional_de_los_Ferrocarriles_Espa%C3%B1oles\">Renfe<\/a>, con un total de 265 unidades fabricadas entre los a\u00f1os\u00a0<a title=\"1973\" href=\"https:\/\/es.wikipedia.org\/wiki\/1973\">1973<\/a>\u00a0y\u00a0<a title=\"1985\" href=\"https:\/\/es.wikipedia.org\/wiki\/1985\">1985<\/a>. Estas locomotoras han remolcado todo tipo de trenes:\u00a0<a class=\"mw-redirect\" title=\"Tren Estrella\" href=\"https:\/\/es.wikipedia.org\/wiki\/Tren_Estrella\">Estrellas<\/a>,\u00a0<a title=\"Diurno (Renfe)\" href=\"https:\/\/es.wikipedia.org\/wiki\/Diurno_(Renfe)\">Diurnos<\/a>,\u00a0<a class=\"mw-redirect\" title=\"Talgo (Renfe)\" href=\"https:\/\/es.wikipedia.org\/wiki\/Talgo_(Renfe)\">Talgos<\/a>\u00a0a alta velocidad, mercanc\u00edas e incluso trenes de\u00a0<a class=\"mw-redirect\" title=\"Cercan\u00edas Renfe\" href=\"https:\/\/es.wikipedia.org\/wiki\/Cercan%C3%ADas_Renfe\">cercan\u00edas<\/a>.<\/p><h3><span id=\"Subserie_269.600\" class=\"mw-headline\">Subserie 269.600<\/span><\/h3><p>Esta subserie es la m\u00e1s especial de las 4 a pesar de que \u00fanicamente se fabricaron 4 unidades en los a\u00f1os\u00a0<a title=\"1981\" href=\"https:\/\/es.wikipedia.org\/wiki\/1981\">1981<\/a>\u00a0y\u00a0<a title=\"1982\" href=\"https:\/\/es.wikipedia.org\/wiki\/1982\">1982<\/a>. Trae un equipo de regulaci\u00f3n de control\u00a0<a title=\"Interruptor chopper\" href=\"https:\/\/es.wikipedia.org\/wiki\/Interruptor_chopper\">chopper<\/a>\u00a0lo que redunda en un mejor rendimiento.<\/p><p>A\u00f1os m\u00e1s tarde fueron reformadas con nuevos bojes capaces de soportar 200km\/h de velocidad m\u00e1xima. Una de las 4 sufri\u00f3 adem\u00e1s una reforma en la caja con un dise\u00f1o m\u00e1s moderno que el original, m\u00e1s aerodin\u00e1mico y algo m\u00e1s ligero. El modelo particular es la 269-604-5 denominada como\u00a0<i>Gato Mont\u00e9s<\/i>, que se us\u00f3 para realizar pruebas a m\u00e1s de 200km\/h. Este mote es debido a la pegatina que ten\u00eda la locomotora en un lateral con el dibujo de un gato rob\u00f3tico.<\/p><p>La subserie fue apartada por Renfe del servicio comercial en\u00a0<a class=\"mw-redirect\" title=\"Diciembre de 2007\" href=\"https:\/\/es.wikipedia.org\/wiki\/Diciembre_de_2007\">diciembre de 2007<\/a>, y dos de sus locomotoras fueron preservadas en\u00a0<a title=\"2008\" href=\"https:\/\/es.wikipedia.org\/wiki\/2008\">2008<\/a>, una de ellas la 601 se encuentra\u00a0 en Monforte en el Museo del Ferrocarril de Galicia,\u00a0 totalmente operativa y en orden de marcha.<\/p><\/div>\n\t\t\t\t<\/div>\n\t\t\t\t<\/div>\n\t\t\t\t\t<\/div>\n\t\t<\/div>\n\t\t\t\t\t\t\t<\/div>\n\t\t<\/section>\n\t\t\t\t<section class=\"elementor-section elementor-top-section elementor-element elementor-element-366365e elementor-section-boxed elementor-section-height-default elementor-section-height-default\" data-id=\"366365e\" data-element_type=\"section\">\n\t\t\t\t\t\t<div class=\"elementor-container elementor-column-gap-default\">\n\t\t\t\t\t<div class=\"elementor-column elementor-col-100 elementor-top-column elementor-element elementor-element-d279fcd\" data-id=\"d279fcd\" data-element_type=\"column\">\n\t\t\t<div class=\"elementor-widget-wrap elementor-element-populated\">\n\t\t\t\t\t\t\t\t<div class=\"elementor-element elementor-element-078929c elementor-widget elementor-widget-heading\" data-id=\"078929c\" data-element_type=\"widget\" data-widget_type=\"heading.default\">\n\t\t\t\t<div class=\"elementor-widget-container\">\n\t\t\t<h2 class=\"elementor-heading-title elementor-size-default\">Locomotora 269- 601 Mitsubishi antes de ser restaurada por el Muferga<\/h2>\t\t<\/div>\n\t\t\t\t<\/div>\n\t\t\t\t\t<\/div>\n\t\t<\/div>\n\t\t\t\t\t\t\t<\/div>\n\t\t<\/section>\n\t\t\t\t<section class=\"elementor-section elementor-top-section elementor-element elementor-element-cb7402f elementor-section-boxed elementor-section-height-default elementor-section-height-default\" data-id=\"cb7402f\" data-element_type=\"section\">\n\t\t\t\t\t\t<div class=\"elementor-container elementor-column-gap-default\">\n\t\t\t\t\t<div class=\"elementor-column elementor-col-100 elementor-top-column elementor-element elementor-element-d08a8ec\" data-id=\"d08a8ec\" data-element_type=\"column\">\n\t\t\t<div class=\"elementor-widget-wrap elementor-element-populated\">\n\t\t\t\t\t\t\t\t<div class=\"elementor-element elementor-element-0a28602 elementor-widget elementor-widget-image\" data-id=\"0a28602\" data-element_type=\"widget\" data-widget_type=\"image.default\">\n\t\t\t\t<div class=\"elementor-widget-container\">\n\t\t\t\t\t<div class=\"elementor-image\">\n\t\t\t\t\t\t\t\t\t\t<img loading=\"lazy\" decoding=\"async\" width=\"1024\" height=\"576\" src=\"https:\/\/muferga.es\/wp-content\/uploads\/2022\/10\/20220421_175450-1024x576.jpg\" class=\"attachment-large size-large\" alt=\"\" srcset=\"https:\/\/muferga.es\/wp-content\/uploads\/2022\/10\/20220421_175450-1024x576.jpg 1024w, https:\/\/muferga.es\/wp-content\/uploads\/2022\/10\/20220421_175450-300x169.jpg 300w, https:\/\/muferga.es\/wp-content\/uploads\/2022\/10\/20220421_175450-768x432.jpg 768w, https:\/\/muferga.es\/wp-content\/uploads\/2022\/10\/20220421_175450-1536x864.jpg 1536w, https:\/\/muferga.es\/wp-content\/uploads\/2022\/10\/20220421_175450-2048x1152.jpg 2048w\" sizes=\"auto, (max-width: 1024px) 100vw, 1024px\" \/>\t\t\t\t\t\t\t\t\t\t\t<\/div>\n\t\t\t\t<\/div>\n\t\t\t\t<\/div>\n\t\t\t\t\t<\/div>\n\t\t<\/div>\n\t\t\t\t\t\t\t<\/div>\n\t\t<\/section>\n\t\t\t\t\t\t<\/div>\n\t\t\t\t\t<\/div>\n\t\t","protected":false},"excerpt":{"rendered":"<p>Locomotora 269-601 &#8211; Mitsubishi Las locomotoras de la\u00a0serie 269,\u00a0apodadas como \u00ablas japonesas\u00bb debido a su casa licenciataria (Mitsubishi), han formado sin duda la serie m\u00e1s importante y extensa de\u00a0locomotoras el\u00e9ctricas\u00a0de\u00a0Renfe, con un total de 265 unidades fabricadas entre los a\u00f1os\u00a01973\u00a0y\u00a01985. Estas locomotoras han remolcado todo tipo de trenes:\u00a0Estrellas,\u00a0Diurnos,\u00a0Talgos\u00a0a alta velocidad, mercanc\u00edas e incluso trenes de\u00a0cercan\u00edas. &hellip;<\/p>\n<p class=\"read-more\"> <a class=\"\" href=\"https:\/\/muferga.es\/?page_id=504\"> <span class=\"screen-reader-text\">Locomotora 269 &#8211; 601 Mitsubishi<\/span> Leer m\u00e1s &raquo;<\/a><\/p>\n","protected":false},"author":3,"featured_media":0,"parent":0,"menu_order":0,"comment_status":"closed","ping_status":"closed","template":"","meta":{"footnotes":""},"class_list":["post-504","page","type-page","status-publish","hentry"],"yoast_head":"<!-- This site is optimized with the Yoast SEO plugin v16.0.2 - https:\/\/yoast.com\/wordpress\/plugins\/seo\/ -->\n<title>Locomotora 269 - 601 Mitsubishi - Muferga<\/title>\n<link rel=\"canonical\" href=\"https:\/\/muferga.es\/?page_id=504\" \/>\n<meta property=\"og:locale\" content=\"es_ES\" \/>\n<meta property=\"og:type\" content=\"article\" \/>\n<meta property=\"og:title\" content=\"Locomotora 269 - 601 Mitsubishi - Muferga\" \/>\n<meta property=\"og:description\" content=\"Locomotora 269-601 &#8211; Mitsubishi Las locomotoras de la\u00a0serie 269,\u00a0apodadas como \u00ablas japonesas\u00bb debido a su casa licenciataria (Mitsubishi), han formado sin duda la serie m\u00e1s importante y extensa de\u00a0locomotoras el\u00e9ctricas\u00a0de\u00a0Renfe, con un total de 265 unidades fabricadas entre los a\u00f1os\u00a01973\u00a0y\u00a01985. Estas locomotoras han remolcado todo tipo de trenes:\u00a0Estrellas,\u00a0Diurnos,\u00a0Talgos\u00a0a alta velocidad, mercanc\u00edas e incluso trenes de\u00a0cercan\u00edas. &hellip; Locomotora 269 &#8211; 601 Mitsubishi Leer m\u00e1s &raquo;\" \/>\n<meta property=\"og:url\" content=\"https:\/\/muferga.es\/?page_id=504\" \/>\n<meta property=\"og:site_name\" content=\"Muferga\" \/>\n<meta property=\"article:modified_time\" content=\"2022-10-05T20:40:15+00:00\" \/>\n<meta property=\"og:image\" content=\"https:\/\/muferga.es\/wp-content\/uploads\/2022\/10\/20220421_175453-1024x576.jpg\" \/>\n<meta name=\"twitter:card\" content=\"summary_large_image\" \/>\n<meta name=\"twitter:label1\" content=\"Tiempo de lectura\">\n\t<meta name=\"twitter:data1\" content=\"1 minuto\">\n<script type=\"application\/ld+json\" class=\"yoast-schema-graph\">{\"@context\":\"https:\/\/schema.org\",\"@graph\":[{\"@type\":\"WebSite\",\"@id\":\"https:\/\/muferga.es\/#website\",\"url\":\"https:\/\/muferga.es\/\",\"name\":\"Muferga\",\"description\":\"\",\"potentialAction\":[{\"@type\":\"SearchAction\",\"target\":\"https:\/\/muferga.es\/?s={search_term_string}\",\"query-input\":\"required name=search_term_string\"}],\"inLanguage\":\"es\"},{\"@type\":\"ImageObject\",\"@id\":\"https:\/\/muferga.es\/?page_id=504#primaryimage\",\"inLanguage\":\"es\",\"url\":\"https:\/\/muferga.es\/wp-content\/uploads\/2022\/10\/20220421_175453.jpg\",\"width\":2560,\"height\":1440},{\"@type\":\"WebPage\",\"@id\":\"https:\/\/muferga.es\/?page_id=504#webpage\",\"url\":\"https:\/\/muferga.es\/?page_id=504\",\"name\":\"Locomotora 269 - 601 Mitsubishi - Muferga\",\"isPartOf\":{\"@id\":\"https:\/\/muferga.es\/#website\"},\"primaryImageOfPage\":{\"@id\":\"https:\/\/muferga.es\/?page_id=504#primaryimage\"},\"datePublished\":\"2022-10-05T20:22:04+00:00\",\"dateModified\":\"2022-10-05T20:40:15+00:00\",\"breadcrumb\":{\"@id\":\"https:\/\/muferga.es\/?page_id=504#breadcrumb\"},\"inLanguage\":\"es\",\"potentialAction\":[{\"@type\":\"ReadAction\",\"target\":[\"https:\/\/muferga.es\/?page_id=504\"]}]},{\"@type\":\"BreadcrumbList\",\"@id\":\"https:\/\/muferga.es\/?page_id=504#breadcrumb\",\"itemListElement\":[{\"@type\":\"ListItem\",\"position\":1,\"item\":{\"@type\":\"WebPage\",\"@id\":\"https:\/\/muferga.es\/\",\"url\":\"https:\/\/muferga.es\/\",\"name\":\"Portada\"}},{\"@type\":\"ListItem\",\"position\":2,\"item\":{\"@type\":\"WebPage\",\"@id\":\"https:\/\/muferga.es\/?page_id=504\",\"url\":\"https:\/\/muferga.es\/?page_id=504\",\"name\":\"Locomotora 269 &#8211; 601 Mitsubishi\"}}]}]}<\/script>\n<!-- \/ Yoast SEO plugin. -->","_links":{"self":[{"href":"https:\/\/muferga.es\/index.php?rest_route=\/wp\/v2\/pages\/504","targetHints":{"allow":["GET"]}}],"collection":[{"href":"https:\/\/muferga.es\/index.php?rest_route=\/wp\/v2\/pages"}],"about":[{"href":"https:\/\/muferga.es\/index.php?rest_route=\/wp\/v2\/types\/page"}],"author":[{"embeddable":true,"href":"https:\/\/muferga.es\/index.php?rest_route=\/wp\/v2\/users\/3"}],"replies":[{"embeddable":true,"href":"https:\/\/muferga.es\/index.php?rest_route=%2Fwp%2Fv2%2Fcomments&post=504"}],"version-history":[{"count":13,"href":"https:\/\/muferga.es\/index.php?rest_route=\/wp\/v2\/pages\/504\/revisions"}],"predecessor-version":[{"id":518,"href":"https:\/\/muferga.es\/index.php?rest_route=\/wp\/v2\/pages\/504\/revisions\/518"}],"wp:attachment":[{"href":"https:\/\/muferga.es\/index.php?rest_route=%2Fwp%2Fv2%2Fmedia&parent=504"}],"curies":[{"name":"wp","href":"https:\/\/api.w.org\/{rel}","templated":true}]}}