{"id":451,"date":"2022-10-05T17:03:53","date_gmt":"2022-10-05T17:03:53","guid":{"rendered":"https:\/\/muferga.es\/?page_id=451"},"modified":"2022-11-04T18:41:57","modified_gmt":"2022-11-04T18:41:57","slug":"7700-la-inglesa","status":"publish","type":"page","link":"https:\/\/muferga.es\/?page_id=451","title":{"rendered":"Locomotora el\u00e9ctrica 7722- \u00abLa Inglesa\u00bb-  1953"},"content":{"rendered":"\t\t<div data-elementor-type=\"wp-page\" data-elementor-id=\"451\" class=\"elementor elementor-451\" data-elementor-settings=\"[]\">\n\t\t\t\t\t\t\t<div class=\"elementor-section-wrap\">\n\t\t\t\t\t\t\t<section class=\"elementor-section elementor-top-section elementor-element elementor-element-8e6b2a2 elementor-section-boxed elementor-section-height-default elementor-section-height-default\" data-id=\"8e6b2a2\" data-element_type=\"section\">\n\t\t\t\t\t\t<div class=\"elementor-container elementor-column-gap-default\">\n\t\t\t\t\t<div class=\"elementor-column elementor-col-100 elementor-top-column elementor-element elementor-element-d3edefb\" data-id=\"d3edefb\" data-element_type=\"column\">\n\t\t\t<div class=\"elementor-widget-wrap elementor-element-populated\">\n\t\t\t\t\t\t\t\t<div class=\"elementor-element elementor-element-00dd6ab elementor-widget elementor-widget-heading\" data-id=\"00dd6ab\" data-element_type=\"widget\" data-widget_type=\"heading.default\">\n\t\t\t\t<div class=\"elementor-widget-container\">\n\t\t\t<h2 class=\"elementor-heading-title elementor-size-default\">Locomotora El\u00e9ctrica 7722     \"La Inglesa \" - 1953<\/h2>\t\t<\/div>\n\t\t\t\t<\/div>\n\t\t\t\t\t<\/div>\n\t\t<\/div>\n\t\t\t\t\t\t\t<\/div>\n\t\t<\/section>\n\t\t\t\t<section class=\"elementor-section elementor-top-section elementor-element elementor-element-ebde006 elementor-section-boxed elementor-section-height-default elementor-section-height-default\" data-id=\"ebde006\" data-element_type=\"section\">\n\t\t\t\t\t\t<div class=\"elementor-container elementor-column-gap-default\">\n\t\t\t\t\t<div class=\"elementor-column elementor-col-100 elementor-top-column elementor-element elementor-element-5c87866\" data-id=\"5c87866\" data-element_type=\"column\">\n\t\t\t<div class=\"elementor-widget-wrap elementor-element-populated\">\n\t\t\t\t\t\t\t\t<div class=\"elementor-element elementor-element-b7b9900 elementor-widget elementor-widget-image\" data-id=\"b7b9900\" data-element_type=\"widget\" data-widget_type=\"image.default\">\n\t\t\t\t<div class=\"elementor-widget-container\">\n\t\t\t\t\t<div class=\"elementor-image\">\n\t\t\t\t\t\t\t\t\t\t<img loading=\"lazy\" decoding=\"async\" width=\"1024\" height=\"576\" src=\"https:\/\/muferga.es\/wp-content\/uploads\/2022\/10\/20220421_112400-1024x576.jpg\" class=\"attachment-large size-large\" alt=\"\" srcset=\"https:\/\/muferga.es\/wp-content\/uploads\/2022\/10\/20220421_112400-1024x576.jpg 1024w, https:\/\/muferga.es\/wp-content\/uploads\/2022\/10\/20220421_112400-300x169.jpg 300w, https:\/\/muferga.es\/wp-content\/uploads\/2022\/10\/20220421_112400-768x432.jpg 768w, https:\/\/muferga.es\/wp-content\/uploads\/2022\/10\/20220421_112400-1536x864.jpg 1536w, https:\/\/muferga.es\/wp-content\/uploads\/2022\/10\/20220421_112400-2048x1152.jpg 2048w\" sizes=\"auto, (max-width: 1024px) 100vw, 1024px\" \/>\t\t\t\t\t\t\t\t\t\t\t<\/div>\n\t\t\t\t<\/div>\n\t\t\t\t<\/div>\n\t\t\t\t\t<\/div>\n\t\t<\/div>\n\t\t\t\t\t\t\t<\/div>\n\t\t<\/section>\n\t\t\t\t<section class=\"elementor-section elementor-top-section elementor-element elementor-element-5ebf1e1 elementor-section-boxed elementor-section-height-default elementor-section-height-default\" data-id=\"5ebf1e1\" data-element_type=\"section\">\n\t\t\t\t\t\t<div class=\"elementor-container elementor-column-gap-default\">\n\t\t\t\t\t<div class=\"elementor-column elementor-col-100 elementor-top-column elementor-element elementor-element-f27f670\" data-id=\"f27f670\" data-element_type=\"column\">\n\t\t\t<div class=\"elementor-widget-wrap elementor-element-populated\">\n\t\t\t\t\t\t\t\t<div class=\"elementor-element elementor-element-d0b5def elementor-widget elementor-widget-text-editor\" data-id=\"d0b5def\" data-element_type=\"widget\" data-widget_type=\"text-editor.default\">\n\t\t\t\t<div class=\"elementor-widget-container\">\n\t\t\t\t\t<div class=\"elementor-text-editor elementor-clearfix\"><h4><strong>Cabina de conducci\u00f3n<\/strong><\/h4><\/div>\n\t\t\t\t<\/div>\n\t\t\t\t<\/div>\n\t\t\t\t<div class=\"elementor-element elementor-element-f57d163 elementor-widget elementor-widget-image\" data-id=\"f57d163\" data-element_type=\"widget\" data-widget_type=\"image.default\">\n\t\t\t\t<div class=\"elementor-widget-container\">\n\t\t\t\t\t<div class=\"elementor-image\">\n\t\t\t\t\t\t\t\t\t\t<img loading=\"lazy\" decoding=\"async\" width=\"1024\" height=\"768\" src=\"https:\/\/muferga.es\/wp-content\/uploads\/2022\/11\/20221022_132545-1024x768.jpg\" class=\"attachment-large size-large\" alt=\"\" srcset=\"https:\/\/muferga.es\/wp-content\/uploads\/2022\/11\/20221022_132545-1024x768.jpg 1024w, https:\/\/muferga.es\/wp-content\/uploads\/2022\/11\/20221022_132545-300x225.jpg 300w, https:\/\/muferga.es\/wp-content\/uploads\/2022\/11\/20221022_132545-768x576.jpg 768w, https:\/\/muferga.es\/wp-content\/uploads\/2022\/11\/20221022_132545-1536x1152.jpg 1536w, https:\/\/muferga.es\/wp-content\/uploads\/2022\/11\/20221022_132545-2048x1536.jpg 2048w\" sizes=\"auto, (max-width: 1024px) 100vw, 1024px\" \/>\t\t\t\t\t\t\t\t\t\t\t<\/div>\n\t\t\t\t<\/div>\n\t\t\t\t<\/div>\n\t\t\t\t\t<\/div>\n\t\t<\/div>\n\t\t\t\t\t\t\t<\/div>\n\t\t<\/section>\n\t\t\t\t<section class=\"elementor-section elementor-top-section elementor-element elementor-element-15e279a elementor-section-boxed elementor-section-height-default elementor-section-height-default\" data-id=\"15e279a\" data-element_type=\"section\">\n\t\t\t\t\t\t<div class=\"elementor-container elementor-column-gap-default\">\n\t\t\t\t\t<div class=\"elementor-column elementor-col-33 elementor-top-column elementor-element elementor-element-eac90ad\" data-id=\"eac90ad\" data-element_type=\"column\">\n\t\t\t<div class=\"elementor-widget-wrap elementor-element-populated\">\n\t\t\t\t\t\t\t\t<div class=\"elementor-element elementor-element-d6a94be elementor-widget elementor-widget-image\" data-id=\"d6a94be\" data-element_type=\"widget\" data-widget_type=\"image.default\">\n\t\t\t\t<div class=\"elementor-widget-container\">\n\t\t\t\t\t<div class=\"elementor-image\">\n\t\t\t\t\t\t\t\t\t\t<img loading=\"lazy\" decoding=\"async\" width=\"768\" height=\"1024\" src=\"https:\/\/muferga.es\/wp-content\/uploads\/2022\/11\/20221022_132639-768x1024.jpg\" class=\"attachment-large size-large\" alt=\"\" srcset=\"https:\/\/muferga.es\/wp-content\/uploads\/2022\/11\/20221022_132639-768x1024.jpg 768w, https:\/\/muferga.es\/wp-content\/uploads\/2022\/11\/20221022_132639-225x300.jpg 225w, https:\/\/muferga.es\/wp-content\/uploads\/2022\/11\/20221022_132639-1152x1536.jpg 1152w, https:\/\/muferga.es\/wp-content\/uploads\/2022\/11\/20221022_132639-1536x2048.jpg 1536w, https:\/\/muferga.es\/wp-content\/uploads\/2022\/11\/20221022_132639-scaled.jpg 1920w\" sizes=\"auto, (max-width: 768px) 100vw, 768px\" \/>\t\t\t\t\t\t\t\t\t\t\t<\/div>\n\t\t\t\t<\/div>\n\t\t\t\t<\/div>\n\t\t\t\t\t<\/div>\n\t\t<\/div>\n\t\t\t\t<div class=\"elementor-column elementor-col-33 elementor-top-column elementor-element elementor-element-7d4afb0\" data-id=\"7d4afb0\" data-element_type=\"column\">\n\t\t\t<div class=\"elementor-widget-wrap elementor-element-populated\">\n\t\t\t\t\t\t\t\t<div class=\"elementor-element elementor-element-00ab92d elementor-widget elementor-widget-image\" data-id=\"00ab92d\" data-element_type=\"widget\" data-widget_type=\"image.default\">\n\t\t\t\t<div class=\"elementor-widget-container\">\n\t\t\t\t\t<div class=\"elementor-image\">\n\t\t\t\t\t\t\t\t\t\t<img loading=\"lazy\" decoding=\"async\" width=\"768\" height=\"1024\" src=\"https:\/\/muferga.es\/wp-content\/uploads\/2022\/11\/20221022_132636-768x1024.jpg\" class=\"attachment-large size-large\" alt=\"\" srcset=\"https:\/\/muferga.es\/wp-content\/uploads\/2022\/11\/20221022_132636-768x1024.jpg 768w, https:\/\/muferga.es\/wp-content\/uploads\/2022\/11\/20221022_132636-225x300.jpg 225w, https:\/\/muferga.es\/wp-content\/uploads\/2022\/11\/20221022_132636-1152x1536.jpg 1152w, https:\/\/muferga.es\/wp-content\/uploads\/2022\/11\/20221022_132636-1536x2048.jpg 1536w, https:\/\/muferga.es\/wp-content\/uploads\/2022\/11\/20221022_132636-scaled.jpg 1920w\" sizes=\"auto, (max-width: 768px) 100vw, 768px\" \/>\t\t\t\t\t\t\t\t\t\t\t<\/div>\n\t\t\t\t<\/div>\n\t\t\t\t<\/div>\n\t\t\t\t\t<\/div>\n\t\t<\/div>\n\t\t\t\t<div class=\"elementor-column elementor-col-33 elementor-top-column elementor-element elementor-element-2cfb437\" data-id=\"2cfb437\" data-element_type=\"column\">\n\t\t\t<div class=\"elementor-widget-wrap elementor-element-populated\">\n\t\t\t\t\t\t\t\t<div class=\"elementor-element elementor-element-21fbe18 elementor-widget elementor-widget-image\" data-id=\"21fbe18\" data-element_type=\"widget\" data-widget_type=\"image.default\">\n\t\t\t\t<div class=\"elementor-widget-container\">\n\t\t\t\t\t<div class=\"elementor-image\">\n\t\t\t\t\t\t\t\t\t\t<img loading=\"lazy\" decoding=\"async\" width=\"768\" height=\"1024\" src=\"https:\/\/muferga.es\/wp-content\/uploads\/2022\/11\/20221022_132624-768x1024.jpg\" class=\"attachment-large size-large\" alt=\"\" srcset=\"https:\/\/muferga.es\/wp-content\/uploads\/2022\/11\/20221022_132624-768x1024.jpg 768w, https:\/\/muferga.es\/wp-content\/uploads\/2022\/11\/20221022_132624-225x300.jpg 225w, https:\/\/muferga.es\/wp-content\/uploads\/2022\/11\/20221022_132624-1152x1536.jpg 1152w, https:\/\/muferga.es\/wp-content\/uploads\/2022\/11\/20221022_132624-1536x2048.jpg 1536w, https:\/\/muferga.es\/wp-content\/uploads\/2022\/11\/20221022_132624-scaled.jpg 1920w\" sizes=\"auto, (max-width: 768px) 100vw, 768px\" \/>\t\t\t\t\t\t\t\t\t\t\t<\/div>\n\t\t\t\t<\/div>\n\t\t\t\t<\/div>\n\t\t\t\t\t<\/div>\n\t\t<\/div>\n\t\t\t\t\t\t\t<\/div>\n\t\t<\/section>\n\t\t\t\t<section class=\"elementor-section elementor-top-section elementor-element elementor-element-8a62cb9 elementor-section-boxed elementor-section-height-default elementor-section-height-default\" data-id=\"8a62cb9\" data-element_type=\"section\">\n\t\t\t\t\t\t<div class=\"elementor-container elementor-column-gap-default\">\n\t\t\t\t\t<div class=\"elementor-column elementor-col-100 elementor-top-column elementor-element elementor-element-6019eec\" data-id=\"6019eec\" data-element_type=\"column\">\n\t\t\t<div class=\"elementor-widget-wrap\">\n\t\t\t\t\t\t\t\t\t<\/div>\n\t\t<\/div>\n\t\t\t\t\t\t\t<\/div>\n\t\t<\/section>\n\t\t\t\t<section class=\"elementor-section elementor-top-section elementor-element elementor-element-080c08e elementor-section-boxed elementor-section-height-default elementor-section-height-default\" data-id=\"080c08e\" data-element_type=\"section\">\n\t\t\t\t\t\t<div class=\"elementor-container elementor-column-gap-default\">\n\t\t\t\t\t<div class=\"elementor-column elementor-col-100 elementor-top-column elementor-element elementor-element-298d6cf\" data-id=\"298d6cf\" data-element_type=\"column\">\n\t\t\t<div class=\"elementor-widget-wrap elementor-element-populated\">\n\t\t\t\t\t\t\t\t<div class=\"elementor-element elementor-element-cac78bd elementor-widget elementor-widget-text-editor\" data-id=\"cac78bd\" data-element_type=\"widget\" data-widget_type=\"text-editor.default\">\n\t\t\t\t<div class=\"elementor-widget-container\">\n\t\t\t\t\t<div class=\"elementor-text-editor elementor-clearfix\"><h4><strong>Exterior Locomotora<\/strong><\/h4><\/div>\n\t\t\t\t<\/div>\n\t\t\t\t<\/div>\n\t\t\t\t\t<\/div>\n\t\t<\/div>\n\t\t\t\t\t\t\t<\/div>\n\t\t<\/section>\n\t\t\t\t<section class=\"elementor-section elementor-top-section elementor-element elementor-element-64c86be elementor-section-boxed elementor-section-height-default elementor-section-height-default\" data-id=\"64c86be\" data-element_type=\"section\">\n\t\t\t\t\t\t<div class=\"elementor-container elementor-column-gap-default\">\n\t\t\t\t\t<div class=\"elementor-column elementor-col-33 elementor-top-column elementor-element elementor-element-5c707d3\" data-id=\"5c707d3\" data-element_type=\"column\">\n\t\t\t<div class=\"elementor-widget-wrap elementor-element-populated\">\n\t\t\t\t\t\t\t\t<div class=\"elementor-element elementor-element-9e00890 elementor-widget elementor-widget-image\" data-id=\"9e00890\" data-element_type=\"widget\" data-widget_type=\"image.default\">\n\t\t\t\t<div class=\"elementor-widget-container\">\n\t\t\t\t\t<div class=\"elementor-image\">\n\t\t\t\t\t\t\t\t\t\t<img loading=\"lazy\" decoding=\"async\" width=\"1024\" height=\"576\" src=\"https:\/\/muferga.es\/wp-content\/uploads\/2022\/10\/20220405_120200-1024x576.jpg\" class=\"attachment-large size-large\" alt=\"\" srcset=\"https:\/\/muferga.es\/wp-content\/uploads\/2022\/10\/20220405_120200-1024x576.jpg 1024w, https:\/\/muferga.es\/wp-content\/uploads\/2022\/10\/20220405_120200-300x169.jpg 300w, https:\/\/muferga.es\/wp-content\/uploads\/2022\/10\/20220405_120200-768x432.jpg 768w, https:\/\/muferga.es\/wp-content\/uploads\/2022\/10\/20220405_120200-1536x864.jpg 1536w, https:\/\/muferga.es\/wp-content\/uploads\/2022\/10\/20220405_120200-2048x1152.jpg 2048w\" sizes=\"auto, (max-width: 1024px) 100vw, 1024px\" \/>\t\t\t\t\t\t\t\t\t\t\t<\/div>\n\t\t\t\t<\/div>\n\t\t\t\t<\/div>\n\t\t\t\t\t<\/div>\n\t\t<\/div>\n\t\t\t\t<div class=\"elementor-column elementor-col-33 elementor-top-column elementor-element elementor-element-4b1ea0e\" data-id=\"4b1ea0e\" data-element_type=\"column\">\n\t\t\t<div class=\"elementor-widget-wrap elementor-element-populated\">\n\t\t\t\t\t\t\t\t<div class=\"elementor-element elementor-element-bf67305 elementor-widget elementor-widget-image\" data-id=\"bf67305\" data-element_type=\"widget\" data-widget_type=\"image.default\">\n\t\t\t\t<div class=\"elementor-widget-container\">\n\t\t\t\t\t<div class=\"elementor-image\">\n\t\t\t\t\t\t\t\t\t\t<img loading=\"lazy\" decoding=\"async\" width=\"1024\" height=\"576\" src=\"https:\/\/muferga.es\/wp-content\/uploads\/2022\/10\/20220405_115304-1024x576.jpg\" class=\"attachment-large size-large\" alt=\"\" srcset=\"https:\/\/muferga.es\/wp-content\/uploads\/2022\/10\/20220405_115304-1024x576.jpg 1024w, https:\/\/muferga.es\/wp-content\/uploads\/2022\/10\/20220405_115304-300x169.jpg 300w, https:\/\/muferga.es\/wp-content\/uploads\/2022\/10\/20220405_115304-768x432.jpg 768w, https:\/\/muferga.es\/wp-content\/uploads\/2022\/10\/20220405_115304-1536x864.jpg 1536w, https:\/\/muferga.es\/wp-content\/uploads\/2022\/10\/20220405_115304-2048x1152.jpg 2048w\" sizes=\"auto, (max-width: 1024px) 100vw, 1024px\" \/>\t\t\t\t\t\t\t\t\t\t\t<\/div>\n\t\t\t\t<\/div>\n\t\t\t\t<\/div>\n\t\t\t\t\t<\/div>\n\t\t<\/div>\n\t\t\t\t<div class=\"elementor-column elementor-col-33 elementor-top-column elementor-element elementor-element-52a5828\" data-id=\"52a5828\" data-element_type=\"column\">\n\t\t\t<div class=\"elementor-widget-wrap elementor-element-populated\">\n\t\t\t\t\t\t\t\t<div class=\"elementor-element elementor-element-8760f68 elementor-widget elementor-widget-image\" data-id=\"8760f68\" data-element_type=\"widget\" data-widget_type=\"image.default\">\n\t\t\t\t<div class=\"elementor-widget-container\">\n\t\t\t\t\t<div class=\"elementor-image\">\n\t\t\t\t\t\t\t\t\t\t<img loading=\"lazy\" decoding=\"async\" width=\"1024\" height=\"576\" src=\"https:\/\/muferga.es\/wp-content\/uploads\/2022\/11\/20221013_110606-1024x576.jpg\" class=\"attachment-large size-large\" alt=\"\" srcset=\"https:\/\/muferga.es\/wp-content\/uploads\/2022\/11\/20221013_110606-1024x576.jpg 1024w, https:\/\/muferga.es\/wp-content\/uploads\/2022\/11\/20221013_110606-300x169.jpg 300w, https:\/\/muferga.es\/wp-content\/uploads\/2022\/11\/20221013_110606-768x432.jpg 768w, https:\/\/muferga.es\/wp-content\/uploads\/2022\/11\/20221013_110606-1536x864.jpg 1536w, https:\/\/muferga.es\/wp-content\/uploads\/2022\/11\/20221013_110606-2048x1152.jpg 2048w\" sizes=\"auto, (max-width: 1024px) 100vw, 1024px\" \/>\t\t\t\t\t\t\t\t\t\t\t<\/div>\n\t\t\t\t<\/div>\n\t\t\t\t<\/div>\n\t\t\t\t\t<\/div>\n\t\t<\/div>\n\t\t\t\t\t\t\t<\/div>\n\t\t<\/section>\n\t\t\t\t<section class=\"elementor-section elementor-top-section elementor-element elementor-element-01284fc elementor-section-boxed elementor-section-height-default elementor-section-height-default\" data-id=\"01284fc\" data-element_type=\"section\">\n\t\t\t\t\t\t<div class=\"elementor-container elementor-column-gap-default\">\n\t\t\t\t\t<div class=\"elementor-column elementor-col-100 elementor-top-column elementor-element elementor-element-42d5371\" data-id=\"42d5371\" data-element_type=\"column\">\n\t\t\t<div class=\"elementor-widget-wrap elementor-element-populated\">\n\t\t\t\t\t\t\t\t<div class=\"elementor-element elementor-element-7d44be7 elementor-widget elementor-widget-text-editor\" data-id=\"7d44be7\" data-element_type=\"widget\" data-widget_type=\"text-editor.default\">\n\t\t\t\t<div class=\"elementor-widget-container\">\n\t\t\t\t\t<div class=\"elementor-text-editor elementor-clearfix\"><h4><strong>Locomotora operativa y en marcha.<\/strong><\/h4><\/div>\n\t\t\t\t<\/div>\n\t\t\t\t<\/div>\n\t\t\t\t\t<\/div>\n\t\t<\/div>\n\t\t\t\t\t\t\t<\/div>\n\t\t<\/section>\n\t\t\t\t<section class=\"elementor-section elementor-top-section elementor-element elementor-element-bc0a269 elementor-section-boxed elementor-section-height-default elementor-section-height-default\" data-id=\"bc0a269\" data-element_type=\"section\">\n\t\t\t\t\t\t<div class=\"elementor-container elementor-column-gap-default\">\n\t\t\t\t\t<div class=\"elementor-column elementor-col-100 elementor-top-column elementor-element elementor-element-d9511f9\" data-id=\"d9511f9\" data-element_type=\"column\">\n\t\t\t<div class=\"elementor-widget-wrap elementor-element-populated\">\n\t\t\t\t\t\t\t\t<div class=\"elementor-element elementor-element-847f42c elementor-aspect-ratio-169 elementor-widget elementor-widget-video\" data-id=\"847f42c\" data-element_type=\"widget\" data-settings=\"{&quot;youtube_url&quot;:&quot;https:\\\/\\\/www.youtube.com\\\/watch?v=CYjdV3vs20g&quot;,&quot;video_type&quot;:&quot;youtube&quot;,&quot;controls&quot;:&quot;yes&quot;,&quot;aspect_ratio&quot;:&quot;169&quot;}\" data-widget_type=\"video.default\">\n\t\t\t\t<div class=\"elementor-widget-container\">\n\t\t\t\t\t<div class=\"elementor-wrapper elementor-fit-aspect-ratio elementor-open-inline\">\n\t\t\t<div class=\"elementor-video\"><\/div>\t\t<\/div>\n\t\t\t\t<\/div>\n\t\t\t\t<\/div>\n\t\t\t\t<div class=\"elementor-element elementor-element-1d5d88f elementor-widget elementor-widget-text-editor\" data-id=\"1d5d88f\" data-element_type=\"widget\" data-widget_type=\"text-editor.default\">\n\t\t\t\t<div class=\"elementor-widget-container\">\n\t\t\t\t\t<div class=\"elementor-text-editor elementor-clearfix\"><p>A locomotora el\u00e9ctrica 7722 pesa 120 toneladas y dispone de 3.000 caballos de potencia. Sus seis motores ejercen una fuerza de tracci\u00f3n de 13.800 kg.<\/p>\n<p><strong>SUS OR\u00cdGENES:\u00a0<\/strong><\/p>\n<p>Espa\u00f1a firm\u00f3 un contrato para construir todas las m\u00e1quinas de la serie 7700 en Inglaterra, siendo fabricadas entre 1952 y 1959, con numeraci\u00f3n desde la 7701 a la 7775. Estas locomotoras, de tracci\u00f3n el\u00e9ctrica, alcanzaban los 110 kil\u00f3metros hora.<\/p>\n<p>La \u00e9poca dorada de estas locomotoras fueron los a\u00f1os 70 del siglo XX, pues llegaron primero a Monforte, atravesando Valdeorras, en la l\u00ednea Palencia-A Coru\u00f1a, y luego a Ourense para, en los 80 alcanzar Vigo. En esa \u00e9poca se inici\u00f3 una etapa de decadencia para las 7700, que pasaron a arrastrar trenes de mercanc\u00edas, compartiendo actualidad con las popularmente conocidas locomotoras \u2018japonesas\u2019, las 251, que empezaban a circular entre Le\u00f3n y Monforte. Estas eran m\u00e1quinas de mayor potencia que pod\u00edan traccionar trenes pesados mientras que las 7700 necesitaban acoplar una segunda locomotora.<\/p>\n<p>La desaparici\u00f3n de las 7700 se produjo en la d\u00e9cada de los 90<\/p>\n<p>\u00a0<\/p><\/div>\n\t\t\t\t<\/div>\n\t\t\t\t<\/div>\n\t\t\t\t\t<\/div>\n\t\t<\/div>\n\t\t\t\t\t\t\t<\/div>\n\t\t<\/section>\n\t\t\t\t<section class=\"elementor-section elementor-top-section elementor-element elementor-element-375df2f elementor-section-boxed elementor-section-height-default elementor-section-height-default\" data-id=\"375df2f\" data-element_type=\"section\">\n\t\t\t\t\t\t<div class=\"elementor-container elementor-column-gap-default\">\n\t\t\t\t\t<div class=\"elementor-column elementor-col-100 elementor-top-column elementor-element elementor-element-a63e6c3\" data-id=\"a63e6c3\" data-element_type=\"column\">\n\t\t\t<div class=\"elementor-widget-wrap elementor-element-populated\">\n\t\t\t\t\t\t\t\t<div class=\"elementor-element elementor-element-5e7f519 elementor-widget elementor-widget-text-editor\" data-id=\"5e7f519\" data-element_type=\"widget\" data-widget_type=\"text-editor.default\">\n\t\t\t\t<div class=\"elementor-widget-container\">\n\t\t\t\t\t<div class=\"elementor-text-editor elementor-clearfix\"><h4><strong>A locomotora el\u00e9ctrica 7722, fue recupera\u00adda por los alumnos del Obradoi\u00adro de Emprego \u00abGalaico Expreso II\u00bb (<a title=\"2002\" href=\"https:\/\/gl.wikipedia.org\/wiki\/2002\">2002<\/a>&#8211;<a title=\"2003\" href=\"https:\/\/gl.wikipedia.org\/wiki\/2003\">2003<\/a>), que trabajaron un a\u00f1o en su arreglo, al atoparse seriamente da\u00f1adas diferentes partes de la m\u00e1quina.<\/strong><\/h4><\/div>\n\t\t\t\t<\/div>\n\t\t\t\t<\/div>\n\t\t\t\t\t<\/div>\n\t\t<\/div>\n\t\t\t\t\t\t\t<\/div>\n\t\t<\/section>\n\t\t\t\t\t\t<\/div>\n\t\t\t\t\t<\/div>\n\t\t","protected":false},"excerpt":{"rendered":"<p>Locomotora El\u00e9ctrica 7722 \u00abLa Inglesa \u00bb &#8211; 1953 Cabina de conducci\u00f3n Exterior Locomotora Locomotora operativa y en marcha. https:\/\/www.youtube.com\/watch?v=CYjdV3vs20g A locomotora el\u00e9ctrica 7722 pesa 120 toneladas y dispone de 3.000 caballos de potencia. Sus seis motores ejercen una fuerza de tracci\u00f3n de 13.800 kg. SUS OR\u00cdGENES:\u00a0 Espa\u00f1a firm\u00f3 un contrato para construir todas las m\u00e1quinas &hellip;<\/p>\n<p class=\"read-more\"> <a class=\"\" href=\"https:\/\/muferga.es\/?page_id=451\"> <span class=\"screen-reader-text\">Locomotora el\u00e9ctrica 7722- \u00abLa Inglesa\u00bb-  1953<\/span> Leer m\u00e1s &raquo;<\/a><\/p>\n","protected":false},"author":3,"featured_media":0,"parent":0,"menu_order":0,"comment_status":"closed","ping_status":"closed","template":"","meta":{"footnotes":""},"class_list":["post-451","page","type-page","status-publish","hentry"],"yoast_head":"<!-- This site is optimized with the Yoast SEO plugin v16.0.2 - https:\/\/yoast.com\/wordpress\/plugins\/seo\/ -->\n<title>Locomotora el\u00e9ctrica 7722- &quot;La Inglesa&quot;- 1953 - Muferga<\/title>\n<link rel=\"canonical\" href=\"https:\/\/muferga.es\/?page_id=451\" \/>\n<meta property=\"og:locale\" content=\"es_ES\" \/>\n<meta property=\"og:type\" content=\"article\" \/>\n<meta property=\"og:title\" content=\"Locomotora el\u00e9ctrica 7722- &quot;La Inglesa&quot;- 1953 - Muferga\" \/>\n<meta property=\"og:description\" content=\"Locomotora El\u00e9ctrica 7722 \u00abLa Inglesa \u00bb &#8211; 1953 Cabina de conducci\u00f3n Exterior Locomotora Locomotora operativa y en marcha. https:\/\/www.youtube.com\/watch?v=CYjdV3vs20g A locomotora el\u00e9ctrica 7722 pesa 120 toneladas y dispone de 3.000 caballos de potencia. Sus seis motores ejercen una fuerza de tracci\u00f3n de 13.800 kg. SUS OR\u00cdGENES:\u00a0 Espa\u00f1a firm\u00f3 un contrato para construir todas las m\u00e1quinas &hellip; Locomotora el\u00e9ctrica 7722- \u00abLa Inglesa\u00bb- 1953 Leer m\u00e1s &raquo;\" \/>\n<meta property=\"og:url\" content=\"https:\/\/muferga.es\/?page_id=451\" \/>\n<meta property=\"og:site_name\" content=\"Muferga\" \/>\n<meta property=\"article:modified_time\" content=\"2022-11-04T18:41:57+00:00\" \/>\n<meta property=\"og:image\" content=\"https:\/\/muferga.es\/wp-content\/uploads\/2022\/10\/20220421_112400-1024x576.jpg\" \/>\n<meta name=\"twitter:card\" content=\"summary_large_image\" \/>\n<meta name=\"twitter:label1\" content=\"Tiempo de lectura\">\n\t<meta name=\"twitter:data1\" content=\"1 minuto\">\n<script type=\"application\/ld+json\" class=\"yoast-schema-graph\">{\"@context\":\"https:\/\/schema.org\",\"@graph\":[{\"@type\":\"WebSite\",\"@id\":\"https:\/\/muferga.es\/#website\",\"url\":\"https:\/\/muferga.es\/\",\"name\":\"Muferga\",\"description\":\"\",\"potentialAction\":[{\"@type\":\"SearchAction\",\"target\":\"https:\/\/muferga.es\/?s={search_term_string}\",\"query-input\":\"required name=search_term_string\"}],\"inLanguage\":\"es\"},{\"@type\":\"ImageObject\",\"@id\":\"https:\/\/muferga.es\/?page_id=451#primaryimage\",\"inLanguage\":\"es\",\"url\":\"https:\/\/muferga.es\/wp-content\/uploads\/2022\/10\/20220421_112400.jpg\",\"width\":2560,\"height\":1440},{\"@type\":\"WebPage\",\"@id\":\"https:\/\/muferga.es\/?page_id=451#webpage\",\"url\":\"https:\/\/muferga.es\/?page_id=451\",\"name\":\"Locomotora el\\u00e9ctrica 7722- \\\"La Inglesa\\\"- 1953 - Muferga\",\"isPartOf\":{\"@id\":\"https:\/\/muferga.es\/#website\"},\"primaryImageOfPage\":{\"@id\":\"https:\/\/muferga.es\/?page_id=451#primaryimage\"},\"datePublished\":\"2022-10-05T17:03:53+00:00\",\"dateModified\":\"2022-11-04T18:41:57+00:00\",\"breadcrumb\":{\"@id\":\"https:\/\/muferga.es\/?page_id=451#breadcrumb\"},\"inLanguage\":\"es\",\"potentialAction\":[{\"@type\":\"ReadAction\",\"target\":[\"https:\/\/muferga.es\/?page_id=451\"]}]},{\"@type\":\"BreadcrumbList\",\"@id\":\"https:\/\/muferga.es\/?page_id=451#breadcrumb\",\"itemListElement\":[{\"@type\":\"ListItem\",\"position\":1,\"item\":{\"@type\":\"WebPage\",\"@id\":\"https:\/\/muferga.es\/\",\"url\":\"https:\/\/muferga.es\/\",\"name\":\"Portada\"}},{\"@type\":\"ListItem\",\"position\":2,\"item\":{\"@type\":\"WebPage\",\"@id\":\"https:\/\/muferga.es\/?page_id=451\",\"url\":\"https:\/\/muferga.es\/?page_id=451\",\"name\":\"Locomotora el\\u00e9ctrica 7722- \\u00abLa Inglesa\\u00bb- 1953\"}}]}]}<\/script>\n<!-- \/ Yoast SEO plugin. -->","_links":{"self":[{"href":"https:\/\/muferga.es\/index.php?rest_route=\/wp\/v2\/pages\/451","targetHints":{"allow":["GET"]}}],"collection":[{"href":"https:\/\/muferga.es\/index.php?rest_route=\/wp\/v2\/pages"}],"about":[{"href":"https:\/\/muferga.es\/index.php?rest_route=\/wp\/v2\/types\/page"}],"author":[{"embeddable":true,"href":"https:\/\/muferga.es\/index.php?rest_route=\/wp\/v2\/users\/3"}],"replies":[{"embeddable":true,"href":"https:\/\/muferga.es\/index.php?rest_route=%2Fwp%2Fv2%2Fcomments&post=451"}],"version-history":[{"count":48,"href":"https:\/\/muferga.es\/index.php?rest_route=\/wp\/v2\/pages\/451\/revisions"}],"predecessor-version":[{"id":1235,"href":"https:\/\/muferga.es\/index.php?rest_route=\/wp\/v2\/pages\/451\/revisions\/1235"}],"wp:attachment":[{"href":"https:\/\/muferga.es\/index.php?rest_route=%2Fwp%2Fv2%2Fmedia&parent=451"}],"curies":[{"name":"wp","href":"https:\/\/api.w.org\/{rel}","templated":true}]}}