{"id":2743,"date":"2024-12-05T11:32:10","date_gmt":"2024-12-05T11:32:10","guid":{"rendered":"https:\/\/muferga.es\/?page_id=2743"},"modified":"2026-04-21T18:54:28","modified_gmt":"2026-04-21T18:54:28","slug":"donaciones-recibidas-en-el-muferga","status":"publish","type":"page","link":"https:\/\/muferga.es\/?page_id=2743","title":{"rendered":"Donaciones recibidas en el  Muferga"},"content":{"rendered":"<img width=\"1024\" height=\"578\" src=\"https:\/\/muferga.es\/wp-content\/uploads\/2026\/04\/foto-con-isabel-1024x578.jpeg\" alt=\"\" decoding=\"async\" loading=\"lazy\" srcset=\"https:\/\/muferga.es\/wp-content\/uploads\/2026\/04\/foto-con-isabel-1024x578.jpeg 1024w, https:\/\/muferga.es\/wp-content\/uploads\/2026\/04\/foto-con-isabel-300x169.jpeg 300w, https:\/\/muferga.es\/wp-content\/uploads\/2026\/04\/foto-con-isabel-768x434.jpeg 768w, https:\/\/muferga.es\/wp-content\/uploads\/2026\/04\/foto-con-isabel-1536x867.jpeg 1536w, https:\/\/muferga.es\/wp-content\/uploads\/2026\/04\/foto-con-isabel.jpeg 2040w\" sizes=\"auto, (max-width: 1024px) 100vw, 1024px\" \/>\t\t\t\t\t\t\t\t\t\t\t\n\t\t<p>Desde el Muferga queremos dar todo nuestro agradecimiento a la familia Nu\u00f1ez Belda, por este importante regalo que sus hijos Miguel y Javier han realizado el pasado mes de marzo 2026 con la donaci\u00f3n de esta importante colecci\u00f3n de material ferroviario escala HO , as\u00ed como innumerables libros y vitrinas\u00a0 que con tanto cari\u00f1o y dedicaci\u00f3n colecciono su padre durante muchos a\u00f1os.\u00a0<\/p>\n<p>Una vez clasificado todo el material ,\u00a0 se podr\u00e1 ver expuesto al publico en el Museo.\u00a0<\/p>\n<p>Gracias Familia !!<\/p>\t\t\n\t\t\t\t\t\t\t\t\t\t<img width=\"825\" height=\"1024\" src=\"https:\/\/muferga.es\/wp-content\/uploads\/2026\/04\/donacion-isabel-2-825x1024.jpeg\" alt=\"\" decoding=\"async\" loading=\"lazy\" srcset=\"https:\/\/muferga.es\/wp-content\/uploads\/2026\/04\/donacion-isabel-2-825x1024.jpeg 825w, https:\/\/muferga.es\/wp-content\/uploads\/2026\/04\/donacion-isabel-2-242x300.jpeg 242w, https:\/\/muferga.es\/wp-content\/uploads\/2026\/04\/donacion-isabel-2-768x953.jpeg 768w, https:\/\/muferga.es\/wp-content\/uploads\/2026\/04\/donacion-isabel-2.jpeg 1123w\" sizes=\"auto, (max-width: 825px) 100vw, 825px\" \/>\t\t\t\t\t\t\t\t\t\t\t\n\t\t\t\t\t\t\t\t\t\t<img width=\"768\" height=\"1024\" src=\"https:\/\/muferga.es\/wp-content\/uploads\/2026\/04\/donacion-isabel-768x1024.jpeg\" alt=\"\" decoding=\"async\" loading=\"lazy\" srcset=\"https:\/\/muferga.es\/wp-content\/uploads\/2026\/04\/donacion-isabel-768x1024.jpeg 768w, https:\/\/muferga.es\/wp-content\/uploads\/2026\/04\/donacion-isabel-225x300.jpeg 225w, https:\/\/muferga.es\/wp-content\/uploads\/2026\/04\/donacion-isabel-1152x1536.jpeg 1152w, https:\/\/muferga.es\/wp-content\/uploads\/2026\/04\/donacion-isabel.jpeg 1200w\" sizes=\"auto, (max-width: 768px) 100vw, 768px\" \/>\t\t\t\t\t\t\t\t\t\t\t\n\t\t<p><\/p>\n<p style=\"aspect-ratio:unset;\" class=\"is-layout-flow wp-block-cover-is-layout-flow\"><img decoding=\"async\" src=\"https:\/\/muferga.es\/wp-content\/uploads\/2024\/12\/20230529_174738-rotated.jpg\" alt=\"\" data-object-fit=\"cover\" \/><\/p>\n<p><\/p>\n<p>\u00a0<\/p>\n<p><\/p>\n<p><\/p>\n<p><b>El pasado dia 25 de Mayo 2024 , fueros recibidos en el Muferga diferentes materiales , se\u00f1ales, farolas y otros interesantes objetos donados a este Museo por D.Jose Ram\u00f3n Lechuga de su colecci\u00f3n particular.\u00a0<\/b><\/p>\n<p><b>Gracias Jose Ram\u00f3n\u00a0<\/b><\/p>","protected":false},"excerpt":{"rendered":"<p>Desde el Muferga queremos dar todo nuestro agradecimiento a la familia Nu\u00f1ez Belda, por este importante regalo que sus hijos Miguel y Javier han realizado el pasado mes de marzo 2026 con la donaci\u00f3n de esta importante colecci\u00f3n de material ferroviario escala HO , as\u00ed como innumerables libros y vitrinas\u00a0 que con tanto cari\u00f1o y &hellip;<\/p>\n<p class=\"read-more\"> <a class=\"\" href=\"https:\/\/muferga.es\/?page_id=2743\"> <span class=\"screen-reader-text\">Donaciones recibidas en el  Muferga<\/span> Leer m\u00e1s &raquo;<\/a><\/p>\n","protected":false},"author":3,"featured_media":0,"parent":0,"menu_order":0,"comment_status":"closed","ping_status":"closed","template":"","meta":{"footnotes":""},"class_list":["post-2743","page","type-page","status-publish","hentry"],"yoast_head":"<!-- This site is optimized with the Yoast SEO plugin v16.0.2 - https:\/\/yoast.com\/wordpress\/plugins\/seo\/ -->\n<title>Donaciones recibidas en el Muferga - Muferga<\/title>\n<link rel=\"canonical\" href=\"https:\/\/muferga.es\/?page_id=2743\" \/>\n<meta property=\"og:locale\" content=\"es_ES\" \/>\n<meta property=\"og:type\" content=\"article\" \/>\n<meta property=\"og:title\" content=\"Donaciones recibidas en el Muferga - Muferga\" \/>\n<meta property=\"og:description\" content=\"Desde el Muferga queremos dar todo nuestro agradecimiento a la familia Nu\u00f1ez Belda, por este importante regalo que sus hijos Miguel y Javier han realizado el pasado mes de marzo 2026 con la donaci\u00f3n de esta importante colecci\u00f3n de material ferroviario escala HO , as\u00ed como innumerables libros y vitrinas\u00a0 que con tanto cari\u00f1o y &hellip; Donaciones recibidas en el Muferga Leer m\u00e1s &raquo;\" \/>\n<meta property=\"og:url\" content=\"https:\/\/muferga.es\/?page_id=2743\" \/>\n<meta property=\"og:site_name\" content=\"Muferga\" \/>\n<meta property=\"article:modified_time\" content=\"2026-04-21T18:54:28+00:00\" \/>\n<meta property=\"og:image\" content=\"https:\/\/muferga.es\/wp-content\/uploads\/2026\/04\/foto-con-isabel-1024x578.jpeg\" \/>\n<meta name=\"twitter:card\" content=\"summary_large_image\" \/>\n<meta name=\"twitter:label1\" content=\"Tiempo de lectura\">\n\t<meta name=\"twitter:data1\" content=\"1 minuto\">\n<script type=\"application\/ld+json\" class=\"yoast-schema-graph\">{\"@context\":\"https:\/\/schema.org\",\"@graph\":[{\"@type\":\"WebSite\",\"@id\":\"https:\/\/muferga.es\/#website\",\"url\":\"https:\/\/muferga.es\/\",\"name\":\"Muferga\",\"description\":\"\",\"potentialAction\":[{\"@type\":\"SearchAction\",\"target\":\"https:\/\/muferga.es\/?s={search_term_string}\",\"query-input\":\"required name=search_term_string\"}],\"inLanguage\":\"es\"},{\"@type\":\"ImageObject\",\"@id\":\"https:\/\/muferga.es\/?page_id=2743#primaryimage\",\"inLanguage\":\"es\",\"url\":\"https:\/\/muferga.es\/wp-content\/uploads\/2026\/04\/foto-con-isabel.jpeg\",\"width\":2040,\"height\":1152},{\"@type\":\"WebPage\",\"@id\":\"https:\/\/muferga.es\/?page_id=2743#webpage\",\"url\":\"https:\/\/muferga.es\/?page_id=2743\",\"name\":\"Donaciones recibidas en el Muferga - Muferga\",\"isPartOf\":{\"@id\":\"https:\/\/muferga.es\/#website\"},\"primaryImageOfPage\":{\"@id\":\"https:\/\/muferga.es\/?page_id=2743#primaryimage\"},\"datePublished\":\"2024-12-05T11:32:10+00:00\",\"dateModified\":\"2026-04-21T18:54:28+00:00\",\"breadcrumb\":{\"@id\":\"https:\/\/muferga.es\/?page_id=2743#breadcrumb\"},\"inLanguage\":\"es\",\"potentialAction\":[{\"@type\":\"ReadAction\",\"target\":[\"https:\/\/muferga.es\/?page_id=2743\"]}]},{\"@type\":\"BreadcrumbList\",\"@id\":\"https:\/\/muferga.es\/?page_id=2743#breadcrumb\",\"itemListElement\":[{\"@type\":\"ListItem\",\"position\":1,\"item\":{\"@type\":\"WebPage\",\"@id\":\"https:\/\/muferga.es\/\",\"url\":\"https:\/\/muferga.es\/\",\"name\":\"Portada\"}},{\"@type\":\"ListItem\",\"position\":2,\"item\":{\"@type\":\"WebPage\",\"@id\":\"https:\/\/muferga.es\/?page_id=2743\",\"url\":\"https:\/\/muferga.es\/?page_id=2743\",\"name\":\"Donaciones recibidas en el Muferga\"}}]}]}<\/script>\n<!-- \/ Yoast SEO plugin. -->","_links":{"self":[{"href":"https:\/\/muferga.es\/index.php?rest_route=\/wp\/v2\/pages\/2743","targetHints":{"allow":["GET"]}}],"collection":[{"href":"https:\/\/muferga.es\/index.php?rest_route=\/wp\/v2\/pages"}],"about":[{"href":"https:\/\/muferga.es\/index.php?rest_route=\/wp\/v2\/types\/page"}],"author":[{"embeddable":true,"href":"https:\/\/muferga.es\/index.php?rest_route=\/wp\/v2\/users\/3"}],"replies":[{"embeddable":true,"href":"https:\/\/muferga.es\/index.php?rest_route=%2Fwp%2Fv2%2Fcomments&post=2743"}],"version-history":[{"count":31,"href":"https:\/\/muferga.es\/index.php?rest_route=\/wp\/v2\/pages\/2743\/revisions"}],"predecessor-version":[{"id":2887,"href":"https:\/\/muferga.es\/index.php?rest_route=\/wp\/v2\/pages\/2743\/revisions\/2887"}],"wp:attachment":[{"href":"https:\/\/muferga.es\/index.php?rest_route=%2Fwp%2Fv2%2Fmedia&parent=2743"}],"curies":[{"name":"wp","href":"https:\/\/api.w.org\/{rel}","templated":true}]}}