{"id":1539,"date":"2022-11-17T20:17:14","date_gmt":"2022-11-17T20:17:14","guid":{"rendered":"https:\/\/muferga.es\/?page_id=1539"},"modified":"2022-12-05T12:22:56","modified_gmt":"2022-12-05T12:22:56","slug":"furgon-grua-de-gran-intervencion","status":"publish","type":"page","link":"https:\/\/muferga.es\/?page_id=1539","title":{"rendered":"Furg\u00f3n Gr\u00faa de Gran Intervenci\u00f3n"},"content":{"rendered":"\t\t<div data-elementor-type=\"wp-page\" data-elementor-id=\"1539\" class=\"elementor elementor-1539\" data-elementor-settings=\"[]\">\n\t\t\t\t\t\t\t<div class=\"elementor-section-wrap\">\n\t\t\t\t\t\t\t<section class=\"elementor-section elementor-top-section elementor-element elementor-element-db62237 elementor-section-boxed elementor-section-height-default elementor-section-height-default\" data-id=\"db62237\" data-element_type=\"section\">\n\t\t\t\t\t\t<div class=\"elementor-container elementor-column-gap-default\">\n\t\t\t\t\t<div class=\"elementor-column elementor-col-100 elementor-top-column elementor-element elementor-element-a47ae1b\" data-id=\"a47ae1b\" data-element_type=\"column\">\n\t\t\t<div class=\"elementor-widget-wrap elementor-element-populated\">\n\t\t\t\t\t\t\t\t<div class=\"elementor-element elementor-element-a97e69a elementor-widget elementor-widget-image\" data-id=\"a97e69a\" data-element_type=\"widget\" data-widget_type=\"image.default\">\n\t\t\t\t<div class=\"elementor-widget-container\">\n\t\t\t\t\t<div class=\"elementor-image\">\n\t\t\t\t\t\t\t\t\t\t<img loading=\"lazy\" decoding=\"async\" width=\"1024\" height=\"576\" src=\"https:\/\/muferga.es\/wp-content\/uploads\/2022\/10\/20220616_122843-1024x576.jpg\" class=\"attachment-large size-large\" alt=\"\" srcset=\"https:\/\/muferga.es\/wp-content\/uploads\/2022\/10\/20220616_122843-1024x576.jpg 1024w, https:\/\/muferga.es\/wp-content\/uploads\/2022\/10\/20220616_122843-300x169.jpg 300w, https:\/\/muferga.es\/wp-content\/uploads\/2022\/10\/20220616_122843-768x432.jpg 768w, https:\/\/muferga.es\/wp-content\/uploads\/2022\/10\/20220616_122843-1536x864.jpg 1536w, https:\/\/muferga.es\/wp-content\/uploads\/2022\/10\/20220616_122843-2048x1152.jpg 2048w\" sizes=\"auto, (max-width: 1024px) 100vw, 1024px\" \/>\t\t\t\t\t\t\t\t\t\t\t<\/div>\n\t\t\t\t<\/div>\n\t\t\t\t<\/div>\n\t\t\t\t\t<\/div>\n\t\t<\/div>\n\t\t\t\t\t\t\t<\/div>\n\t\t<\/section>\n\t\t\t\t<section class=\"elementor-section elementor-top-section elementor-element elementor-element-4d418e9 elementor-section-boxed elementor-section-height-default elementor-section-height-default\" data-id=\"4d418e9\" data-element_type=\"section\">\n\t\t\t\t\t\t<div class=\"elementor-container elementor-column-gap-default\">\n\t\t\t\t\t<div class=\"elementor-column elementor-col-50 elementor-top-column elementor-element elementor-element-978c61e\" data-id=\"978c61e\" data-element_type=\"column\">\n\t\t\t<div class=\"elementor-widget-wrap elementor-element-populated\">\n\t\t\t\t\t\t\t\t<div class=\"elementor-element elementor-element-05574b8 elementor-widget elementor-widget-image\" data-id=\"05574b8\" data-element_type=\"widget\" data-widget_type=\"image.default\">\n\t\t\t\t<div class=\"elementor-widget-container\">\n\t\t\t\t\t<div class=\"elementor-image\">\n\t\t\t\t\t\t\t\t\t\t<img loading=\"lazy\" decoding=\"async\" width=\"1024\" height=\"681\" src=\"https:\/\/muferga.es\/wp-content\/uploads\/2022\/11\/DSC_0168-1024x681.jpg\" class=\"attachment-large size-large\" alt=\"\" srcset=\"https:\/\/muferga.es\/wp-content\/uploads\/2022\/11\/DSC_0168-1024x681.jpg 1024w, https:\/\/muferga.es\/wp-content\/uploads\/2022\/11\/DSC_0168-300x199.jpg 300w, https:\/\/muferga.es\/wp-content\/uploads\/2022\/11\/DSC_0168-768x511.jpg 768w, https:\/\/muferga.es\/wp-content\/uploads\/2022\/11\/DSC_0168-1536x1021.jpg 1536w, https:\/\/muferga.es\/wp-content\/uploads\/2022\/11\/DSC_0168-2048x1362.jpg 2048w\" sizes=\"auto, (max-width: 1024px) 100vw, 1024px\" \/>\t\t\t\t\t\t\t\t\t\t\t<\/div>\n\t\t\t\t<\/div>\n\t\t\t\t<\/div>\n\t\t\t\t\t<\/div>\n\t\t<\/div>\n\t\t\t\t<div class=\"elementor-column elementor-col-50 elementor-top-column elementor-element elementor-element-53c7f31\" data-id=\"53c7f31\" data-element_type=\"column\">\n\t\t\t<div class=\"elementor-widget-wrap elementor-element-populated\">\n\t\t\t\t\t\t\t\t<div class=\"elementor-element elementor-element-0427035 elementor-widget elementor-widget-image\" data-id=\"0427035\" data-element_type=\"widget\" data-widget_type=\"image.default\">\n\t\t\t\t<div class=\"elementor-widget-container\">\n\t\t\t\t\t<div class=\"elementor-image\">\n\t\t\t\t\t\t\t\t\t\t<img loading=\"lazy\" decoding=\"async\" width=\"1024\" height=\"576\" src=\"https:\/\/muferga.es\/wp-content\/uploads\/2022\/10\/20220616_122824_capture0-1-1024x576.jpg\" class=\"attachment-large size-large\" alt=\"\" srcset=\"https:\/\/muferga.es\/wp-content\/uploads\/2022\/10\/20220616_122824_capture0-1-1024x576.jpg 1024w, https:\/\/muferga.es\/wp-content\/uploads\/2022\/10\/20220616_122824_capture0-1-300x169.jpg 300w, https:\/\/muferga.es\/wp-content\/uploads\/2022\/10\/20220616_122824_capture0-1-768x432.jpg 768w, https:\/\/muferga.es\/wp-content\/uploads\/2022\/10\/20220616_122824_capture0-1-1536x864.jpg 1536w, https:\/\/muferga.es\/wp-content\/uploads\/2022\/10\/20220616_122824_capture0-1.jpg 1920w\" sizes=\"auto, (max-width: 1024px) 100vw, 1024px\" \/>\t\t\t\t\t\t\t\t\t\t\t<\/div>\n\t\t\t\t<\/div>\n\t\t\t\t<\/div>\n\t\t\t\t\t<\/div>\n\t\t<\/div>\n\t\t\t\t\t\t\t<\/div>\n\t\t<\/section>\n\t\t\t\t\t\t<\/div>\n\t\t\t\t\t<\/div>\n\t\t","protected":false},"excerpt":{"rendered":"","protected":false},"author":3,"featured_media":0,"parent":0,"menu_order":0,"comment_status":"closed","ping_status":"closed","template":"","meta":{"footnotes":""},"class_list":["post-1539","page","type-page","status-publish","hentry"],"yoast_head":"<!-- This site is optimized with the Yoast SEO plugin v16.0.2 - https:\/\/yoast.com\/wordpress\/plugins\/seo\/ -->\n<title>Furg\u00f3n Gr\u00faa de Gran Intervenci\u00f3n - Muferga<\/title>\n<link rel=\"canonical\" href=\"https:\/\/muferga.es\/?page_id=1539\" \/>\n<meta property=\"og:locale\" content=\"es_ES\" \/>\n<meta property=\"og:type\" content=\"article\" \/>\n<meta property=\"og:title\" content=\"Furg\u00f3n Gr\u00faa de Gran Intervenci\u00f3n - Muferga\" \/>\n<meta property=\"og:url\" content=\"https:\/\/muferga.es\/?page_id=1539\" \/>\n<meta property=\"og:site_name\" content=\"Muferga\" \/>\n<meta property=\"article:modified_time\" content=\"2022-12-05T12:22:56+00:00\" \/>\n<meta property=\"og:image\" content=\"https:\/\/muferga.es\/wp-content\/uploads\/2022\/10\/20220616_122843-1024x576.jpg\" \/>\n<meta name=\"twitter:card\" content=\"summary_large_image\" \/>\n<script type=\"application\/ld+json\" class=\"yoast-schema-graph\">{\"@context\":\"https:\/\/schema.org\",\"@graph\":[{\"@type\":\"WebSite\",\"@id\":\"https:\/\/muferga.es\/#website\",\"url\":\"https:\/\/muferga.es\/\",\"name\":\"Muferga\",\"description\":\"\",\"potentialAction\":[{\"@type\":\"SearchAction\",\"target\":\"https:\/\/muferga.es\/?s={search_term_string}\",\"query-input\":\"required name=search_term_string\"}],\"inLanguage\":\"es\"},{\"@type\":\"ImageObject\",\"@id\":\"https:\/\/muferga.es\/?page_id=1539#primaryimage\",\"inLanguage\":\"es\",\"url\":\"https:\/\/muferga.es\/wp-content\/uploads\/2022\/10\/20220616_122843.jpg\",\"width\":2560,\"height\":1440},{\"@type\":\"WebPage\",\"@id\":\"https:\/\/muferga.es\/?page_id=1539#webpage\",\"url\":\"https:\/\/muferga.es\/?page_id=1539\",\"name\":\"Furg\\u00f3n Gr\\u00faa de Gran Intervenci\\u00f3n - Muferga\",\"isPartOf\":{\"@id\":\"https:\/\/muferga.es\/#website\"},\"primaryImageOfPage\":{\"@id\":\"https:\/\/muferga.es\/?page_id=1539#primaryimage\"},\"datePublished\":\"2022-11-17T20:17:14+00:00\",\"dateModified\":\"2022-12-05T12:22:56+00:00\",\"breadcrumb\":{\"@id\":\"https:\/\/muferga.es\/?page_id=1539#breadcrumb\"},\"inLanguage\":\"es\",\"potentialAction\":[{\"@type\":\"ReadAction\",\"target\":[\"https:\/\/muferga.es\/?page_id=1539\"]}]},{\"@type\":\"BreadcrumbList\",\"@id\":\"https:\/\/muferga.es\/?page_id=1539#breadcrumb\",\"itemListElement\":[{\"@type\":\"ListItem\",\"position\":1,\"item\":{\"@type\":\"WebPage\",\"@id\":\"https:\/\/muferga.es\/\",\"url\":\"https:\/\/muferga.es\/\",\"name\":\"Portada\"}},{\"@type\":\"ListItem\",\"position\":2,\"item\":{\"@type\":\"WebPage\",\"@id\":\"https:\/\/muferga.es\/?page_id=1539\",\"url\":\"https:\/\/muferga.es\/?page_id=1539\",\"name\":\"Furg\\u00f3n Gr\\u00faa de Gran Intervenci\\u00f3n\"}}]}]}<\/script>\n<!-- \/ Yoast SEO plugin. -->","_links":{"self":[{"href":"https:\/\/muferga.es\/index.php?rest_route=\/wp\/v2\/pages\/1539","targetHints":{"allow":["GET"]}}],"collection":[{"href":"https:\/\/muferga.es\/index.php?rest_route=\/wp\/v2\/pages"}],"about":[{"href":"https:\/\/muferga.es\/index.php?rest_route=\/wp\/v2\/types\/page"}],"author":[{"embeddable":true,"href":"https:\/\/muferga.es\/index.php?rest_route=\/wp\/v2\/users\/3"}],"replies":[{"embeddable":true,"href":"https:\/\/muferga.es\/index.php?rest_route=%2Fwp%2Fv2%2Fcomments&post=1539"}],"version-history":[{"count":8,"href":"https:\/\/muferga.es\/index.php?rest_route=\/wp\/v2\/pages\/1539\/revisions"}],"predecessor-version":[{"id":1987,"href":"https:\/\/muferga.es\/index.php?rest_route=\/wp\/v2\/pages\/1539\/revisions\/1987"}],"wp:attachment":[{"href":"https:\/\/muferga.es\/index.php?rest_route=%2Fwp%2Fv2%2Fmedia&parent=1539"}],"curies":[{"name":"wp","href":"https:\/\/api.w.org\/{rel}","templated":true}]}}