{"id":1425,"date":"2022-11-17T18:09:18","date_gmt":"2022-11-17T18:09:18","guid":{"rendered":"https:\/\/muferga.es\/?page_id=1425"},"modified":"2022-11-17T19:30:17","modified_gmt":"2022-11-17T19:30:17","slug":"coche-salon-del-regimiento-de-ferrocarriles-tte-general-diaz-alegria","status":"publish","type":"page","link":"https:\/\/muferga.es\/?page_id=1425","title":{"rendered":"Coche Sal\u00f3n del Regimiento de Ferrocarriles  \u00abTte General Diaz Alegr\u00eda\u00bb."},"content":{"rendered":"\t\t<div data-elementor-type=\"wp-page\" data-elementor-id=\"1425\" class=\"elementor elementor-1425\" data-elementor-settings=\"[]\">\n\t\t\t\t\t\t\t<div class=\"elementor-section-wrap\">\n\t\t\t\t\t\t\t<section class=\"elementor-section elementor-top-section elementor-element elementor-element-9b40ea7 elementor-section-boxed elementor-section-height-default elementor-section-height-default\" data-id=\"9b40ea7\" data-element_type=\"section\">\n\t\t\t\t\t\t<div class=\"elementor-container elementor-column-gap-default\">\n\t\t\t\t\t<div class=\"elementor-column elementor-col-100 elementor-top-column elementor-element elementor-element-73145d7\" data-id=\"73145d7\" data-element_type=\"column\">\n\t\t\t<div class=\"elementor-widget-wrap elementor-element-populated\">\n\t\t\t\t\t\t\t\t<div class=\"elementor-element elementor-element-6473351 elementor-widget elementor-widget-heading\" data-id=\"6473351\" data-element_type=\"widget\" data-widget_type=\"heading.default\">\n\t\t\t\t<div class=\"elementor-widget-container\">\n\t\t\t<h2 class=\"elementor-heading-title elementor-size-default\">Coche Sal\u00f3n del Regimiento de Ferrocarriles  \"Tte General Diaz Alegr\u00eda\".<\/h2>\t\t<\/div>\n\t\t\t\t<\/div>\n\t\t\t\t<div class=\"elementor-element elementor-element-14148f5 elementor-widget elementor-widget-image\" data-id=\"14148f5\" data-element_type=\"widget\" data-widget_type=\"image.default\">\n\t\t\t\t<div class=\"elementor-widget-container\">\n\t\t\t\t\t<div class=\"elementor-image\">\n\t\t\t\t\t\t\t\t\t\t<img loading=\"lazy\" decoding=\"async\" width=\"1024\" height=\"768\" src=\"https:\/\/muferga.es\/wp-content\/uploads\/2022\/11\/20221013_104231-1024x768.jpg\" class=\"attachment-large size-large\" alt=\"\" srcset=\"https:\/\/muferga.es\/wp-content\/uploads\/2022\/11\/20221013_104231-1024x768.jpg 1024w, https:\/\/muferga.es\/wp-content\/uploads\/2022\/11\/20221013_104231-300x225.jpg 300w, https:\/\/muferga.es\/wp-content\/uploads\/2022\/11\/20221013_104231-768x576.jpg 768w, https:\/\/muferga.es\/wp-content\/uploads\/2022\/11\/20221013_104231-1536x1152.jpg 1536w, https:\/\/muferga.es\/wp-content\/uploads\/2022\/11\/20221013_104231-2048x1536.jpg 2048w\" sizes=\"auto, (max-width: 1024px) 100vw, 1024px\" \/>\t\t\t\t\t\t\t\t\t\t\t<\/div>\n\t\t\t\t<\/div>\n\t\t\t\t<\/div>\n\t\t\t\t\t<\/div>\n\t\t<\/div>\n\t\t\t\t\t\t\t<\/div>\n\t\t<\/section>\n\t\t\t\t<section class=\"elementor-section elementor-top-section elementor-element elementor-element-39f5177 elementor-section-boxed elementor-section-height-default elementor-section-height-default\" data-id=\"39f5177\" data-element_type=\"section\">\n\t\t\t\t\t\t<div class=\"elementor-container elementor-column-gap-default\">\n\t\t\t\t\t<div class=\"elementor-column elementor-col-100 elementor-top-column elementor-element elementor-element-9c52516\" data-id=\"9c52516\" data-element_type=\"column\">\n\t\t\t<div class=\"elementor-widget-wrap elementor-element-populated\">\n\t\t\t\t\t\t\t\t<div class=\"elementor-element elementor-element-42d44fc elementor-widget elementor-widget-text-editor\" data-id=\"42d44fc\" data-element_type=\"widget\" data-widget_type=\"text-editor.default\">\n\t\t\t\t<div class=\"elementor-widget-container\">\n\t\t\t\t\t<div class=\"elementor-text-editor elementor-clearfix\"><p><strong>Esta pieza \u00fanica ferroviaria fu\u00e9 construida en 1911 en la antigua fabica de vagones de Beasa\u00edn , actualmente CAF .\u00a0<\/strong><\/p><p><strong>Esta dedicado al Tte General Diaz Alegr\u00eda ,\u00a0 es propiedad del Ministerio de Defensa y forma parte del Tren Hist\u00f3rico de las Fuerzas Armadas. Cuando el veh\u00edculo fue adscrito al Regimiento de Ferrocarriles N\u00ba 13 , el coche fue transformado , cerr\u00e1ndose sus testeros y suprimi\u00e9ndose\u00a0 las plataformas abiertas, realiz\u00e1ndose entonces su completa reforma interior.<\/strong><\/p><p><strong>Su matr\u00edcula original fu\u00e9 : CCfhv 114 asign\u00e1ndosele la CC2914 cuando paso a RENFE.\u00a0<\/strong><\/p><\/div>\n\t\t\t\t<\/div>\n\t\t\t\t<\/div>\n\t\t\t\t\t<\/div>\n\t\t<\/div>\n\t\t\t\t\t\t\t<\/div>\n\t\t<\/section>\n\t\t\t\t<section class=\"elementor-section elementor-top-section elementor-element elementor-element-9701ff0 elementor-section-boxed elementor-section-height-default elementor-section-height-default\" data-id=\"9701ff0\" data-element_type=\"section\">\n\t\t\t\t\t\t<div class=\"elementor-container elementor-column-gap-default\">\n\t\t\t\t\t<div class=\"elementor-column elementor-col-33 elementor-top-column elementor-element elementor-element-34d2878\" data-id=\"34d2878\" data-element_type=\"column\">\n\t\t\t<div class=\"elementor-widget-wrap elementor-element-populated\">\n\t\t\t\t\t\t\t\t<div class=\"elementor-element elementor-element-1971dfd elementor-widget elementor-widget-image\" data-id=\"1971dfd\" data-element_type=\"widget\" data-widget_type=\"image.default\">\n\t\t\t\t<div class=\"elementor-widget-container\">\n\t\t\t\t\t<div class=\"elementor-image\">\n\t\t\t\t\t\t\t<figure class=\"wp-caption\">\n\t\t\t\t\t\t\t\t\t\t<img loading=\"lazy\" decoding=\"async\" width=\"1024\" height=\"576\" src=\"https:\/\/muferga.es\/wp-content\/uploads\/2022\/10\/20220421_121320-1024x576.jpg\" class=\"attachment-large size-large\" alt=\"\" srcset=\"https:\/\/muferga.es\/wp-content\/uploads\/2022\/10\/20220421_121320-1024x576.jpg 1024w, https:\/\/muferga.es\/wp-content\/uploads\/2022\/10\/20220421_121320-300x169.jpg 300w, https:\/\/muferga.es\/wp-content\/uploads\/2022\/10\/20220421_121320-768x432.jpg 768w, https:\/\/muferga.es\/wp-content\/uploads\/2022\/10\/20220421_121320-1536x864.jpg 1536w, https:\/\/muferga.es\/wp-content\/uploads\/2022\/10\/20220421_121320-2048x1152.jpg 2048w\" sizes=\"auto, (max-width: 1024px) 100vw, 1024px\" \/>\t\t\t\t\t\t\t\t\t\t\t<figcaption class=\"widget-image-caption wp-caption-text\">Interior Sal\u00f3n<\/figcaption>\n\t\t\t\t\t\t\t\t\t\t<\/figure>\n\t\t\t\t\t<\/div>\n\t\t\t\t<\/div>\n\t\t\t\t<\/div>\n\t\t\t\t\t<\/div>\n\t\t<\/div>\n\t\t\t\t<div class=\"elementor-column elementor-col-33 elementor-top-column elementor-element elementor-element-6d67cb9\" data-id=\"6d67cb9\" data-element_type=\"column\">\n\t\t\t<div class=\"elementor-widget-wrap elementor-element-populated\">\n\t\t\t\t\t\t\t\t<div class=\"elementor-element elementor-element-2aad21a elementor-widget elementor-widget-image\" data-id=\"2aad21a\" data-element_type=\"widget\" data-widget_type=\"image.default\">\n\t\t\t\t<div class=\"elementor-widget-container\">\n\t\t\t\t\t<div class=\"elementor-image\">\n\t\t\t\t\t\t\t<figure class=\"wp-caption\">\n\t\t\t\t\t\t\t\t\t\t<img loading=\"lazy\" decoding=\"async\" width=\"1024\" height=\"576\" src=\"https:\/\/muferga.es\/wp-content\/uploads\/2022\/10\/20220421_121328-1-1024x576.jpg\" class=\"attachment-large size-large\" alt=\"\" srcset=\"https:\/\/muferga.es\/wp-content\/uploads\/2022\/10\/20220421_121328-1-1024x576.jpg 1024w, https:\/\/muferga.es\/wp-content\/uploads\/2022\/10\/20220421_121328-1-300x169.jpg 300w, https:\/\/muferga.es\/wp-content\/uploads\/2022\/10\/20220421_121328-1-768x432.jpg 768w, https:\/\/muferga.es\/wp-content\/uploads\/2022\/10\/20220421_121328-1-1536x864.jpg 1536w, https:\/\/muferga.es\/wp-content\/uploads\/2022\/10\/20220421_121328-1-2048x1152.jpg 2048w\" sizes=\"auto, (max-width: 1024px) 100vw, 1024px\" \/>\t\t\t\t\t\t\t\t\t\t\t<figcaption class=\"widget-image-caption wp-caption-text\">interior Sal\u00f3n<\/figcaption>\n\t\t\t\t\t\t\t\t\t\t<\/figure>\n\t\t\t\t\t<\/div>\n\t\t\t\t<\/div>\n\t\t\t\t<\/div>\n\t\t\t\t\t<\/div>\n\t\t<\/div>\n\t\t\t\t<div class=\"elementor-column elementor-col-33 elementor-top-column elementor-element elementor-element-8f0afba\" data-id=\"8f0afba\" data-element_type=\"column\">\n\t\t\t<div class=\"elementor-widget-wrap elementor-element-populated\">\n\t\t\t\t\t\t\t\t<div class=\"elementor-element elementor-element-679cc9a elementor-widget elementor-widget-image\" data-id=\"679cc9a\" data-element_type=\"widget\" data-widget_type=\"image.default\">\n\t\t\t\t<div class=\"elementor-widget-container\">\n\t\t\t\t\t<div class=\"elementor-image\">\n\t\t\t\t\t\t\t<figure class=\"wp-caption\">\n\t\t\t\t\t\t\t\t\t\t<img loading=\"lazy\" decoding=\"async\" width=\"1024\" height=\"556\" src=\"https:\/\/muferga.es\/wp-content\/uploads\/2022\/11\/Materia-en-el-exterior-1024x556.jpg\" class=\"attachment-large size-large\" alt=\"\" srcset=\"https:\/\/muferga.es\/wp-content\/uploads\/2022\/11\/Materia-en-el-exterior-1024x556.jpg 1024w, https:\/\/muferga.es\/wp-content\/uploads\/2022\/11\/Materia-en-el-exterior-300x163.jpg 300w, https:\/\/muferga.es\/wp-content\/uploads\/2022\/11\/Materia-en-el-exterior-768x417.jpg 768w, https:\/\/muferga.es\/wp-content\/uploads\/2022\/11\/Materia-en-el-exterior-1536x834.jpg 1536w, https:\/\/muferga.es\/wp-content\/uploads\/2022\/11\/Materia-en-el-exterior-2048x1112.jpg 2048w\" sizes=\"auto, (max-width: 1024px) 100vw, 1024px\" \/>\t\t\t\t\t\t\t\t\t\t\t<figcaption class=\"widget-image-caption wp-caption-text\">Coche en el exterior<\/figcaption>\n\t\t\t\t\t\t\t\t\t\t<\/figure>\n\t\t\t\t\t<\/div>\n\t\t\t\t<\/div>\n\t\t\t\t<\/div>\n\t\t\t\t\t<\/div>\n\t\t<\/div>\n\t\t\t\t\t\t\t<\/div>\n\t\t<\/section>\n\t\t\t\t<section class=\"elementor-section elementor-top-section elementor-element elementor-element-a0e6ee8 elementor-section-boxed elementor-section-height-default elementor-section-height-default\" data-id=\"a0e6ee8\" data-element_type=\"section\">\n\t\t\t\t\t\t<div class=\"elementor-container elementor-column-gap-default\">\n\t\t\t\t\t<div class=\"elementor-column elementor-col-100 elementor-top-column elementor-element elementor-element-19ee566\" data-id=\"19ee566\" data-element_type=\"column\">\n\t\t\t<div class=\"elementor-widget-wrap elementor-element-populated\">\n\t\t\t\t\t\t\t\t<div class=\"elementor-element elementor-element-bc533e1 elementor-widget elementor-widget-text-editor\" data-id=\"bc533e1\" data-element_type=\"widget\" data-widget_type=\"text-editor.default\">\n\t\t\t\t<div class=\"elementor-widget-container\">\n\t\t\t\t\t<div class=\"elementor-text-editor elementor-clearfix\"><p><strong>Peso : 40 Toneladas<\/strong><\/p><p><strong>Bogies: Pensilvania<\/strong><\/p><\/div>\n\t\t\t\t<\/div>\n\t\t\t\t<\/div>\n\t\t\t\t\t<\/div>\n\t\t<\/div>\n\t\t\t\t\t\t\t<\/div>\n\t\t<\/section>\n\t\t\t\t\t\t<\/div>\n\t\t\t\t\t<\/div>\n\t\t","protected":false},"excerpt":{"rendered":"<p>Coche Sal\u00f3n del Regimiento de Ferrocarriles \u00abTte General Diaz Alegr\u00eda\u00bb. Esta pieza \u00fanica ferroviaria fu\u00e9 construida en 1911 en la antigua fabica de vagones de Beasa\u00edn , actualmente CAF .\u00a0 Esta dedicado al Tte General Diaz Alegr\u00eda ,\u00a0 es propiedad del Ministerio de Defensa y forma parte del Tren Hist\u00f3rico de las Fuerzas Armadas. Cuando &hellip;<\/p>\n<p class=\"read-more\"> <a class=\"\" href=\"https:\/\/muferga.es\/?page_id=1425\"> <span class=\"screen-reader-text\">Coche Sal\u00f3n del Regimiento de Ferrocarriles  \u00abTte General Diaz Alegr\u00eda\u00bb.<\/span> Leer m\u00e1s &raquo;<\/a><\/p>\n","protected":false},"author":3,"featured_media":0,"parent":0,"menu_order":0,"comment_status":"closed","ping_status":"closed","template":"","meta":{"footnotes":""},"class_list":["post-1425","page","type-page","status-publish","hentry"],"yoast_head":"<!-- This site is optimized with the Yoast SEO plugin v16.0.2 - https:\/\/yoast.com\/wordpress\/plugins\/seo\/ -->\n<title>Coche Sal\u00f3n del Regimiento de Ferrocarriles &quot;Tte General Diaz Alegr\u00eda&quot;. - Muferga<\/title>\n<link rel=\"canonical\" href=\"https:\/\/muferga.es\/?page_id=1425\" \/>\n<meta property=\"og:locale\" content=\"es_ES\" \/>\n<meta property=\"og:type\" content=\"article\" \/>\n<meta property=\"og:title\" content=\"Coche Sal\u00f3n del Regimiento de Ferrocarriles &quot;Tte General Diaz Alegr\u00eda&quot;. - Muferga\" \/>\n<meta property=\"og:description\" content=\"Coche Sal\u00f3n del Regimiento de Ferrocarriles \u00abTte General Diaz Alegr\u00eda\u00bb. Esta pieza \u00fanica ferroviaria fu\u00e9 construida en 1911 en la antigua fabica de vagones de Beasa\u00edn , actualmente CAF .\u00a0 Esta dedicado al Tte General Diaz Alegr\u00eda ,\u00a0 es propiedad del Ministerio de Defensa y forma parte del Tren Hist\u00f3rico de las Fuerzas Armadas. Cuando &hellip; Coche Sal\u00f3n del Regimiento de Ferrocarriles \u00abTte General Diaz Alegr\u00eda\u00bb. Leer m\u00e1s &raquo;\" \/>\n<meta property=\"og:url\" content=\"https:\/\/muferga.es\/?page_id=1425\" \/>\n<meta property=\"og:site_name\" content=\"Muferga\" \/>\n<meta property=\"article:modified_time\" content=\"2022-11-17T19:30:17+00:00\" \/>\n<meta property=\"og:image\" content=\"https:\/\/muferga.es\/wp-content\/uploads\/2022\/11\/20221013_104231-1024x768.jpg\" \/>\n<meta name=\"twitter:card\" content=\"summary_large_image\" \/>\n<script type=\"application\/ld+json\" class=\"yoast-schema-graph\">{\"@context\":\"https:\/\/schema.org\",\"@graph\":[{\"@type\":\"WebSite\",\"@id\":\"https:\/\/muferga.es\/#website\",\"url\":\"https:\/\/muferga.es\/\",\"name\":\"Muferga\",\"description\":\"\",\"potentialAction\":[{\"@type\":\"SearchAction\",\"target\":\"https:\/\/muferga.es\/?s={search_term_string}\",\"query-input\":\"required name=search_term_string\"}],\"inLanguage\":\"es\"},{\"@type\":\"ImageObject\",\"@id\":\"https:\/\/muferga.es\/?page_id=1425#primaryimage\",\"inLanguage\":\"es\",\"url\":\"https:\/\/muferga.es\/wp-content\/uploads\/2022\/11\/20221013_104231-scaled.jpg\",\"width\":2560,\"height\":1920},{\"@type\":\"WebPage\",\"@id\":\"https:\/\/muferga.es\/?page_id=1425#webpage\",\"url\":\"https:\/\/muferga.es\/?page_id=1425\",\"name\":\"Coche Sal\\u00f3n del Regimiento de Ferrocarriles \\\"Tte General Diaz Alegr\\u00eda\\\". - Muferga\",\"isPartOf\":{\"@id\":\"https:\/\/muferga.es\/#website\"},\"primaryImageOfPage\":{\"@id\":\"https:\/\/muferga.es\/?page_id=1425#primaryimage\"},\"datePublished\":\"2022-11-17T18:09:18+00:00\",\"dateModified\":\"2022-11-17T19:30:17+00:00\",\"breadcrumb\":{\"@id\":\"https:\/\/muferga.es\/?page_id=1425#breadcrumb\"},\"inLanguage\":\"es\",\"potentialAction\":[{\"@type\":\"ReadAction\",\"target\":[\"https:\/\/muferga.es\/?page_id=1425\"]}]},{\"@type\":\"BreadcrumbList\",\"@id\":\"https:\/\/muferga.es\/?page_id=1425#breadcrumb\",\"itemListElement\":[{\"@type\":\"ListItem\",\"position\":1,\"item\":{\"@type\":\"WebPage\",\"@id\":\"https:\/\/muferga.es\/\",\"url\":\"https:\/\/muferga.es\/\",\"name\":\"Portada\"}},{\"@type\":\"ListItem\",\"position\":2,\"item\":{\"@type\":\"WebPage\",\"@id\":\"https:\/\/muferga.es\/?page_id=1425\",\"url\":\"https:\/\/muferga.es\/?page_id=1425\",\"name\":\"Coche Sal\\u00f3n del Regimiento de Ferrocarriles \\u00abTte General Diaz Alegr\\u00eda\\u00bb.\"}}]}]}<\/script>\n<!-- \/ Yoast SEO plugin. -->","_links":{"self":[{"href":"https:\/\/muferga.es\/index.php?rest_route=\/wp\/v2\/pages\/1425","targetHints":{"allow":["GET"]}}],"collection":[{"href":"https:\/\/muferga.es\/index.php?rest_route=\/wp\/v2\/pages"}],"about":[{"href":"https:\/\/muferga.es\/index.php?rest_route=\/wp\/v2\/types\/page"}],"author":[{"embeddable":true,"href":"https:\/\/muferga.es\/index.php?rest_route=\/wp\/v2\/users\/3"}],"replies":[{"embeddable":true,"href":"https:\/\/muferga.es\/index.php?rest_route=%2Fwp%2Fv2%2Fcomments&post=1425"}],"version-history":[{"count":16,"href":"https:\/\/muferga.es\/index.php?rest_route=\/wp\/v2\/pages\/1425\/revisions"}],"predecessor-version":[{"id":1509,"href":"https:\/\/muferga.es\/index.php?rest_route=\/wp\/v2\/pages\/1425\/revisions\/1509"}],"wp:attachment":[{"href":"https:\/\/muferga.es\/index.php?rest_route=%2Fwp%2Fv2%2Fmedia&parent=1425"}],"curies":[{"name":"wp","href":"https:\/\/api.w.org\/{rel}","templated":true}]}}