{"id":13,"date":"2021-03-18T18:20:37","date_gmt":"2021-03-18T18:20:37","guid":{"rendered":"https:\/\/muferga.es\/?page_id=13"},"modified":"2026-03-27T13:53:34","modified_gmt":"2026-03-27T13:53:34","slug":"inicio","status":"publish","type":"page","link":"https:\/\/muferga.es\/","title":{"rendered":"Inicio"},"content":{"rendered":"\t\t<div data-elementor-type=\"wp-page\" data-elementor-id=\"13\" class=\"elementor elementor-13\" data-elementor-settings=\"[]\">\n\t\t\t\t\t\t\t<div class=\"elementor-section-wrap\">\n\t\t\t\t\t\t\t<section class=\"elementor-section elementor-top-section elementor-element elementor-element-b647c83 elementor-section-boxed elementor-section-height-default elementor-section-height-default\" data-id=\"b647c83\" data-element_type=\"section\">\n\t\t\t\t\t\t<div class=\"elementor-container elementor-column-gap-default\">\n\t\t\t\t\t<div class=\"elementor-column elementor-col-100 elementor-top-column elementor-element elementor-element-425b618\" data-id=\"425b618\" data-element_type=\"column\">\n\t\t\t<div class=\"elementor-widget-wrap elementor-element-populated\">\n\t\t\t\t\t\t\t\t<div class=\"elementor-element elementor-element-28955dc elementor-widget elementor-widget-image\" data-id=\"28955dc\" data-element_type=\"widget\" data-widget_type=\"image.default\">\n\t\t\t\t<div class=\"elementor-widget-container\">\n\t\t\t\t\t<div class=\"elementor-image\">\n\t\t\t\t\t\t\t\t\t\t<img loading=\"lazy\" decoding=\"async\" width=\"724\" height=\"1024\" src=\"https:\/\/muferga.es\/wp-content\/uploads\/2026\/03\/Visitas-Guiadas-Muferga-1-724x1024.jpg\" class=\"attachment-large size-large\" alt=\"\" srcset=\"https:\/\/muferga.es\/wp-content\/uploads\/2026\/03\/Visitas-Guiadas-Muferga-1-724x1024.jpg 724w, https:\/\/muferga.es\/wp-content\/uploads\/2026\/03\/Visitas-Guiadas-Muferga-1-212x300.jpg 212w, https:\/\/muferga.es\/wp-content\/uploads\/2026\/03\/Visitas-Guiadas-Muferga-1-768x1086.jpg 768w, https:\/\/muferga.es\/wp-content\/uploads\/2026\/03\/Visitas-Guiadas-Muferga-1-1086x1536.jpg 1086w, https:\/\/muferga.es\/wp-content\/uploads\/2026\/03\/Visitas-Guiadas-Muferga-1.jpg 1414w\" sizes=\"auto, (max-width: 724px) 100vw, 724px\" \/>\t\t\t\t\t\t\t\t\t\t\t<\/div>\n\t\t\t\t<\/div>\n\t\t\t\t<\/div>\n\t\t\t\t\t<\/div>\n\t\t<\/div>\n\t\t\t\t\t\t\t<\/div>\n\t\t<\/section>\n\t\t\t\t<section class=\"elementor-section elementor-top-section elementor-element elementor-element-769872a elementor-section-boxed elementor-section-height-default elementor-section-height-default\" data-id=\"769872a\" data-element_type=\"section\">\n\t\t\t\t\t\t<div class=\"elementor-container elementor-column-gap-default\">\n\t\t\t\t\t<div class=\"elementor-column elementor-col-100 elementor-top-column elementor-element elementor-element-89aeaa9\" data-id=\"89aeaa9\" data-element_type=\"column\">\n\t\t\t<div class=\"elementor-widget-wrap elementor-element-populated\">\n\t\t\t\t\t\t\t\t<div class=\"elementor-element elementor-element-b86ff21 elementor-widget elementor-widget-image\" data-id=\"b86ff21\" data-element_type=\"widget\" data-widget_type=\"image.default\">\n\t\t\t\t<div class=\"elementor-widget-container\">\n\t\t\t\t\t<div class=\"elementor-image\">\n\t\t\t\t\t\t\t\t\t\t<img loading=\"lazy\" decoding=\"async\" width=\"724\" height=\"1024\" src=\"https:\/\/muferga.es\/wp-content\/uploads\/2026\/02\/horario-de-Visitas-2026-724x1024.jpg\" class=\"attachment-large size-large\" alt=\"\" srcset=\"https:\/\/muferga.es\/wp-content\/uploads\/2026\/02\/horario-de-Visitas-2026-724x1024.jpg 724w, https:\/\/muferga.es\/wp-content\/uploads\/2026\/02\/horario-de-Visitas-2026-212x300.jpg 212w, https:\/\/muferga.es\/wp-content\/uploads\/2026\/02\/horario-de-Visitas-2026-768x1086.jpg 768w, https:\/\/muferga.es\/wp-content\/uploads\/2026\/02\/horario-de-Visitas-2026-1086x1536.jpg 1086w, https:\/\/muferga.es\/wp-content\/uploads\/2026\/02\/horario-de-Visitas-2026-1448x2048.jpg 1448w, https:\/\/muferga.es\/wp-content\/uploads\/2026\/02\/horario-de-Visitas-2026.jpg 1587w\" sizes=\"auto, (max-width: 724px) 100vw, 724px\" \/>\t\t\t\t\t\t\t\t\t\t\t<\/div>\n\t\t\t\t<\/div>\n\t\t\t\t<\/div>\n\t\t\t\t\t<\/div>\n\t\t<\/div>\n\t\t\t\t\t\t\t<\/div>\n\t\t<\/section>\n\t\t\t\t<section class=\"elementor-section elementor-top-section elementor-element elementor-element-3927b7f0 elementor-section-full_width elementor-section-height-default elementor-section-height-default\" data-id=\"3927b7f0\" data-element_type=\"section\">\n\t\t\t\t\t\t<div class=\"elementor-container elementor-column-gap-default\">\n\t\t\t\t\t<div class=\"elementor-column elementor-col-100 elementor-top-column elementor-element elementor-element-750ceef3\" data-id=\"750ceef3\" data-element_type=\"column\">\n\t\t\t<div class=\"elementor-widget-wrap elementor-element-populated\">\n\t\t\t\t\t\t\t\t<div class=\"elementor-element elementor-element-4f9b920 elementor-widget elementor-widget-text-editor\" data-id=\"4f9b920\" data-element_type=\"widget\" data-widget_type=\"text-editor.default\">\n\t\t\t\t<div class=\"elementor-widget-container\">\n\t\t\t\t\t<div class=\"elementor-text-editor elementor-clearfix\"><div class=\"wp-block-columns\">\n<div class=\"wp-block-column\" style=\"flex-basis: 100%;\">\n<figure class=\"wp-block-image\"><img decoding=\"async\" src=\"https:\/\/muferga.es\/wp-content\/uploads\/2021\/03\/4633610405_149x135.jpg\" alt=\"\" \/><\/figure>\n<figure class=\"wp-block-image\"><img decoding=\"async\" src=\"https:\/\/muferga.es\/wp-content\/uploads\/2021\/03\/4633610410_1032x94-1024x93.jpg\" alt=\"\" \/><\/figure>\n<figure class=\"wp-block-image is-style-default\"><img decoding=\"async\" src=\"https:\/\/muferga.es\/wp-content\/uploads\/2021\/03\/4633610406.jpg\" alt=\"\" \/><\/figure>\n<p>\u00a0<\/p>\n<\/div>\n<\/div>\n<div class=\"wp-block-columns\">\n<div class=\"wp-block-column\" style=\"flex-basis: 100%;\">\n<p><b>HORARIO\u00a0 APERTURA :<\/b><\/p>\n<p><b>*Mi\u00e9rcoles a Viernes<\/b>: de 11,00 a 14,00\u00a0 y de 16,00 a 19,00 h.<\/p>\n<p><strong>* Sabados y Domingos :<\/strong> 10.00 a 14,00 h y de 15,00 a 19,00h.<\/p>\n<p><strong>* FESTIVOS:\u00a0<\/strong> de 12 a 14,00 h y de 17 a 19,00h<\/p>\n<p><b style=\"font-style: inherit;\">* Lunes y Martes :\u00a0 Cerrado por descanso del personal.<\/b><a href=\"https:\/\/muferga.es\/?page_id=341\"><br \/><img loading=\"lazy\" decoding=\"async\" src=\"https:\/\/muferga.es\/wp-content\/uploads\/2021\/03\/4637292668_1178x763-1024x663.jpg\" sizes=\"auto, (max-width: 1024px) 100vw, 1024px\" srcset=\"https:\/\/muferga.es\/wp-content\/uploads\/2021\/03\/4637292668_1178x763-1024x663.jpg 1024w, https:\/\/muferga.es\/wp-content\/uploads\/2021\/03\/4637292668_1178x763-300x194.jpg 300w, https:\/\/muferga.es\/wp-content\/uploads\/2021\/03\/4637292668_1178x763-768x497.jpg 768w, https:\/\/muferga.es\/wp-content\/uploads\/2021\/03\/4637292668_1178x763.jpg 1178w\" alt=\"\" width=\"1024\" height=\"663\" \/><\/a><\/p>\n<p><strong>* VISITAS DE GRUPO CONCERTADAS CON GU\u00cdA\u00a0 Y\/\u00d3 FECHAS ESPECIALES :<\/strong><\/p>\n<p><strong>Durante el Invierno y la Primavera 2026\u00a0 pod\u00e9is solicitar Visitas Organizadas con nuestros gu\u00edas de aproximadamente 1,15h de duraci\u00f3n.<\/strong><\/p>\n<p><strong>\u00a0** En estas visitas se incluye la visita exterior a la Hist\u00f3rica Rotonda del Ferrocarril en el Trenecito interior del Museo as\u00ed como el acceso al interior de coches ferroviarios hist\u00f3ricos.\u00a0\u00a0<\/strong><\/p>\n<p>Para estas visitas\u00a0 concertadas de grupos (m\u00ednimo 15 personas), env\u00edanos una solicitud\u00a0 indicando la fecha prevista, horario de llegada, n\u00famero de personas y un tel\u00e9fono de contacto a nuestra cuenta de correo : <strong>muferga@muferga.es<\/strong> , \u00f3 ll\u00e1manos a los tel\u00e9fonos\u00a0 \u00a0:\u00a0 982 418421\u00a0 y\u00a0 \u00a0610136423 \/ 648839367<\/p>\n<p>Te contestaremos a la mayor brevedad posible.\u00a0<\/p>\n<h2 class=\"wp-block-heading\"><strong>La \u00abCONFEDERACI\u00d3N\u00bb,\u00a0 la locomotora de vapor m\u00e1s poderosa de los ferrocarriles Espa\u00f1oles, llega a Monforte gracias a\u00a0 D. Jes\u00fas V\u00e1zquez Cordero.\u00a0<\/strong><\/h2>\n<figure class=\"wp-block-image\"><a href=\"https:\/\/muferga.es\/?page_id=91\"><img decoding=\"async\" src=\"https:\/\/muferga.es\/wp-content\/uploads\/2022\/11\/Cartel-de-Bienvenida-cesion-Confederacion-768x576.jpg\" alt=\"\" \/><\/a><\/figure>\n<figure class=\"wp-block-image\"><span style=\"font-style: inherit; font-weight: inherit; color: var( --e-global-color-text ); font-family: var( --e-global-typography-text-font-family ), Sans-serif;\">Cartel Exposici\u00f3n.<\/span><\/figure>\n<figure class=\"wp-block-image\"><img decoding=\"async\" src=\"https:\/\/muferga.es\/wp-content\/uploads\/2021\/07\/Tren-viajeros-a-la-rotonda-1024x681.jpg\" alt=\"\" \/><\/figure>\n<p class=\"wp-block-heading\">Tren interior del Museo para visitar la Rotonda<\/p>\n<h3 class=\"wp-block-heading\">Contactar<\/h3>\n<p>Estamos en:<\/p>\n<p>R\u00faa Padre Feij\u00f3o S\/N<br \/>27400 Monforte de Lemos<br \/>Lugo<\/p>\n<p><strong>Tel:<\/strong> 982 418 421\/ 610136423 y 648839367<\/p>\n<p><strong>Email:<\/strong> direccion@muferga.es<\/p>\n<p><a href=\"https:\/\/www.facebook.com\/muferga\/\" target=\"_blank\" rel=\"noopener\">Facebook<br \/><\/a><\/p>\n<p><strong>Nuestro antiguo Facebook.<\/strong><\/p>\n<p><a href=\"https:\/\/www.facebook.com\/profile.php?id=100085424974366\" target=\"_blank\" rel=\"noopener\">Facebook<br \/><\/a><\/p>\n<h4 class=\"wp-block-heading\"><strong>Visita Nuestro \u00abNUEVO Facebook\u00bb y dale al \u00abme gusta\u00bb si quieres seguirnos en las redes sociales.<\/strong><\/h4>\n<figure class=\"wp-block-image\"><img decoding=\"async\" src=\"https:\/\/muferga.es\/wp-content\/uploads\/2022\/10\/alejandro-revisor-muferga.jpg\" alt=\"\" \/>\n<p>\u00a0<\/p>\n<figcaption class=\"wp-element-caption\">Viajeros al Tren !!!<\/figcaption>\n<\/figure>\n<figure class=\"wp-block-image\"><img decoding=\"async\" src=\"https:\/\/muferga.es\/wp-content\/uploads\/2022\/12\/Tres-joyitas-1024x681.jpg\" alt=\"\" \/>\n<p>\u00a0<\/p>\n<figcaption class=\"wp-element-caption\">Tres locomotoras hist\u00f3ricas,\u00a0 aut\u00e9nticas Joyas del Museo.<\/figcaption>\n<\/figure>\n<figure class=\"wp-block-image\"><img decoding=\"async\" src=\"https:\/\/muferga.es\/wp-content\/uploads\/2022\/12\/Codigo-QR-audioguia-Muferga-300x300.jpg\" alt=\"\" \/><\/figure>\n<p>\u00a0<\/p>\n<h3 class=\"wp-block-heading\">\u00a0<strong style=\"font-size: 1.66667rem; font-style: inherit; font-family: var( --e-global-typography-text-font-family ), Sans-serif;\">Codigo QR\u00a0 para uso gratuito como Audio-Guia en su m\u00f3vil durante su visita a este Museo del Ferrocarril de Galicia.\u00a0<\/strong><\/h3>\n<\/div>\n<\/div>\n<p><!-- \/wp:columns --><!-- wp:paragraph --><\/p>\n<p><!-- \/wp:paragraph --><\/p><\/div>\n\t\t\t\t<\/div>\n\t\t\t\t<\/div>\n\t\t\t\t\t<\/div>\n\t\t<\/div>\n\t\t\t\t\t\t\t<\/div>\n\t\t<\/section>\n\t\t\t\t<section class=\"elementor-section elementor-top-section elementor-element elementor-element-b531836 elementor-section-boxed elementor-section-height-default elementor-section-height-default\" data-id=\"b531836\" data-element_type=\"section\">\n\t\t\t\t\t\t<div class=\"elementor-container elementor-column-gap-default\">\n\t\t\t\t\t<div class=\"elementor-column elementor-col-100 elementor-top-column elementor-element elementor-element-b7baa0c\" data-id=\"b7baa0c\" data-element_type=\"column\">\n\t\t\t<div class=\"elementor-widget-wrap elementor-element-populated\">\n\t\t\t\t\t\t\t\t<div class=\"elementor-element elementor-element-e371865 elementor-widget elementor-widget-image\" data-id=\"e371865\" data-element_type=\"widget\" data-widget_type=\"image.default\">\n\t\t\t\t<div class=\"elementor-widget-container\">\n\t\t\t\t\t<div class=\"elementor-image\">\n\t\t\t\t\t\t\t\t\t\t<img loading=\"lazy\" decoding=\"async\" width=\"768\" height=\"543\" src=\"https:\/\/muferga.es\/wp-content\/uploads\/2024\/12\/Cartel_A_Xunta_de_Galicia_dos--768x543.jpg\" class=\"attachment-medium_large size-medium_large\" alt=\"\" srcset=\"https:\/\/muferga.es\/wp-content\/uploads\/2024\/12\/Cartel_A_Xunta_de_Galicia_dos--768x543.jpg 768w, https:\/\/muferga.es\/wp-content\/uploads\/2024\/12\/Cartel_A_Xunta_de_Galicia_dos--300x212.jpg 300w, https:\/\/muferga.es\/wp-content\/uploads\/2024\/12\/Cartel_A_Xunta_de_Galicia_dos--1024x724.jpg 1024w, https:\/\/muferga.es\/wp-content\/uploads\/2024\/12\/Cartel_A_Xunta_de_Galicia_dos--1536x1085.jpg 1536w, https:\/\/muferga.es\/wp-content\/uploads\/2024\/12\/Cartel_A_Xunta_de_Galicia_dos-.jpg 1755w\" sizes=\"auto, (max-width: 768px) 100vw, 768px\" \/>\t\t\t\t\t\t\t\t\t\t\t<\/div>\n\t\t\t\t<\/div>\n\t\t\t\t<\/div>\n\t\t\t\t\t<\/div>\n\t\t<\/div>\n\t\t\t\t\t\t\t<\/div>\n\t\t<\/section>\n\t\t\t\t<section class=\"elementor-section elementor-top-section elementor-element elementor-element-d2abefa elementor-section-boxed elementor-section-height-default elementor-section-height-default\" data-id=\"d2abefa\" data-element_type=\"section\">\n\t\t\t\t\t\t<div class=\"elementor-container elementor-column-gap-default\">\n\t\t\t\t\t<div class=\"elementor-column elementor-col-100 elementor-top-column elementor-element elementor-element-1b6694f\" data-id=\"1b6694f\" data-element_type=\"column\">\n\t\t\t<div class=\"elementor-widget-wrap\">\n\t\t\t\t\t\t\t\t\t<\/div>\n\t\t<\/div>\n\t\t\t\t\t\t\t<\/div>\n\t\t<\/section>\n\t\t\t\t\t\t<\/div>\n\t\t\t\t\t<\/div>\n\t\t","protected":false},"excerpt":{"rendered":"<p>\u00a0 HORARIO\u00a0 APERTURA : *Mi\u00e9rcoles a Viernes: de 11,00 a 14,00\u00a0 y de 16,00 a 19,00 h. * Sabados y Domingos : 10.00 a 14,00 h y de 15,00 a 19,00h. * FESTIVOS:\u00a0 de 12 a 14,00 h y de 17 a 19,00h * Lunes y Martes :\u00a0 Cerrado por descanso del personal. * VISITAS &hellip;<\/p>\n<p class=\"read-more\"> <a class=\"\" href=\"https:\/\/muferga.es\/\"> <span class=\"screen-reader-text\">Inicio<\/span> Leer m\u00e1s &raquo;<\/a><\/p>\n","protected":false},"author":2,"featured_media":0,"parent":0,"menu_order":0,"comment_status":"closed","ping_status":"closed","template":"","meta":{"footnotes":""},"class_list":["post-13","page","type-page","status-publish","hentry"],"yoast_head":"<!-- This site is optimized with the Yoast SEO plugin v16.0.2 - https:\/\/yoast.com\/wordpress\/plugins\/seo\/ -->\n<title>Inicio - Muferga<\/title>\n<link rel=\"canonical\" href=\"https:\/\/muferga.es\/\" \/>\n<meta property=\"og:locale\" content=\"es_ES\" \/>\n<meta property=\"og:type\" content=\"article\" \/>\n<meta property=\"og:title\" content=\"Inicio - Muferga\" \/>\n<meta property=\"og:description\" content=\"\u00a0 HORARIO\u00a0 APERTURA : *Mi\u00e9rcoles a Viernes: de 11,00 a 14,00\u00a0 y de 16,00 a 19,00 h. * Sabados y Domingos : 10.00 a 14,00 h y de 15,00 a 19,00h. * FESTIVOS:\u00a0 de 12 a 14,00 h y de 17 a 19,00h * Lunes y Martes :\u00a0 Cerrado por descanso del personal. * VISITAS &hellip; Inicio Leer m\u00e1s &raquo;\" \/>\n<meta property=\"og:url\" content=\"https:\/\/muferga.es\/\" \/>\n<meta property=\"og:site_name\" content=\"Muferga\" \/>\n<meta property=\"article:modified_time\" content=\"2026-03-27T13:53:34+00:00\" \/>\n<meta property=\"og:image\" content=\"https:\/\/muferga.es\/wp-content\/uploads\/2026\/03\/Visitas-Guiadas-Muferga-1-724x1024.jpg\" \/>\n<meta name=\"twitter:card\" content=\"summary_large_image\" \/>\n<meta name=\"twitter:label1\" content=\"Tiempo de lectura\">\n\t<meta name=\"twitter:data1\" content=\"6 minutos\">\n<script type=\"application\/ld+json\" class=\"yoast-schema-graph\">{\"@context\":\"https:\/\/schema.org\",\"@graph\":[{\"@type\":\"WebSite\",\"@id\":\"https:\/\/muferga.es\/#website\",\"url\":\"https:\/\/muferga.es\/\",\"name\":\"Muferga\",\"description\":\"\",\"potentialAction\":[{\"@type\":\"SearchAction\",\"target\":\"https:\/\/muferga.es\/?s={search_term_string}\",\"query-input\":\"required name=search_term_string\"}],\"inLanguage\":\"es\"},{\"@type\":\"ImageObject\",\"@id\":\"https:\/\/muferga.es\/#primaryimage\",\"inLanguage\":\"es\",\"url\":\"https:\/\/muferga.es\/wp-content\/uploads\/2026\/03\/Visitas-Guiadas-Muferga-1.jpg\",\"width\":1414,\"height\":2000},{\"@type\":\"WebPage\",\"@id\":\"https:\/\/muferga.es\/#webpage\",\"url\":\"https:\/\/muferga.es\/\",\"name\":\"Inicio - Muferga\",\"isPartOf\":{\"@id\":\"https:\/\/muferga.es\/#website\"},\"primaryImageOfPage\":{\"@id\":\"https:\/\/muferga.es\/#primaryimage\"},\"datePublished\":\"2021-03-18T18:20:37+00:00\",\"dateModified\":\"2026-03-27T13:53:34+00:00\",\"breadcrumb\":{\"@id\":\"https:\/\/muferga.es\/#breadcrumb\"},\"inLanguage\":\"es\",\"potentialAction\":[{\"@type\":\"ReadAction\",\"target\":[\"https:\/\/muferga.es\/\"]}]},{\"@type\":\"BreadcrumbList\",\"@id\":\"https:\/\/muferga.es\/#breadcrumb\",\"itemListElement\":[{\"@type\":\"ListItem\",\"position\":1,\"item\":{\"@type\":\"WebPage\",\"@id\":\"https:\/\/muferga.es\/\",\"url\":\"https:\/\/muferga.es\/\",\"name\":\"Portada\"}},{\"@type\":\"ListItem\",\"position\":2,\"item\":{\"@type\":\"WebPage\",\"@id\":\"https:\/\/muferga.es\/\",\"url\":\"https:\/\/muferga.es\/\",\"name\":\"Inicio\"}}]}]}<\/script>\n<!-- \/ Yoast SEO plugin. -->","_links":{"self":[{"href":"https:\/\/muferga.es\/index.php?rest_route=\/wp\/v2\/pages\/13","targetHints":{"allow":["GET"]}}],"collection":[{"href":"https:\/\/muferga.es\/index.php?rest_route=\/wp\/v2\/pages"}],"about":[{"href":"https:\/\/muferga.es\/index.php?rest_route=\/wp\/v2\/types\/page"}],"author":[{"embeddable":true,"href":"https:\/\/muferga.es\/index.php?rest_route=\/wp\/v2\/users\/2"}],"replies":[{"embeddable":true,"href":"https:\/\/muferga.es\/index.php?rest_route=%2Fwp%2Fv2%2Fcomments&post=13"}],"version-history":[{"count":581,"href":"https:\/\/muferga.es\/index.php?rest_route=\/wp\/v2\/pages\/13\/revisions"}],"predecessor-version":[{"id":2869,"href":"https:\/\/muferga.es\/index.php?rest_route=\/wp\/v2\/pages\/13\/revisions\/2869"}],"wp:attachment":[{"href":"https:\/\/muferga.es\/index.php?rest_route=%2Fwp%2Fv2%2Fmedia&parent=13"}],"curies":[{"name":"wp","href":"https:\/\/api.w.org\/{rel}","templated":true}]}}